{"id":489,"date":"2023-09-02T05:35:06","date_gmt":"2023-09-02T05:35:06","guid":{"rendered":"https:\/\/physigeek.com\/tr\/hakkinda\/"},"modified":"2023-09-02T05:35:06","modified_gmt":"2023-09-02T05:35:06","slug":"hakkinda","status":"publish","type":"page","link":"https:\/\/physigeek.com\/tr\/hakkinda\/","title":{"rendered":"Hakk\u0131nda"},"content":{"rendered":"<p>Physigeek.org&#8217;a ho\u015f geldiniz. Benim ad\u0131m Jonathan Reynolds, sayg\u0131n bir eski fizik profes\u00f6r\u00fc ve tutkulu bir e\u011fitimci. <\/p>\n<p><img decoding=\"async\" loading=\"lazy\" class=\" wp-image-997 alignleft\" src=\"https:\/\/physigeek.com\/wp-content\/uploads\/2023\/09\/Jonathan-Reynolds-300x277.jpg\" alt=\"Jonathan Reynolds\" width=\"271\" height=\"250\" srcset=\"https:\/\/physigeek.com\/wp-content\/uploads\/2023\/09\/Jonathan-Reynolds-300x277.jpg 300w, https:\/\/physigeek.com\/wp-content\/uploads\/2023\/09\/Jonathan-Reynolds-768x709.jpg 768w, https:\/\/physigeek.com\/wp-content\/uploads\/2023\/09\/Jonathan-Reynolds.jpg 1024w\" sizes=\"auto, (max-width: 271px) 100vw, 271px\"><\/p>\n<p> Fizik alan\u0131nda g\u00fc\u00e7l\u00fc bir akademik ge\u00e7mi\u015fe ve geni\u015f deneyime sahip olarak, yaz\u0131lara zengin bir bilgi ve uzmanl\u0131k kat\u0131yorum.<br \/> Karma\u015f\u0131k bilimsel kavramlar\u0131 eri\u015filebilir ve ilgi \u00e7ekici hale getirme konusundaki kararl\u0131l\u0131\u011f\u0131m, e\u011fitime olan benzersiz yakla\u015f\u0131m\u0131mda a\u00e7\u0131k\u00e7a g\u00f6r\u00fclmektedir. Bu blog arac\u0131l\u0131\u011f\u0131yla merak uyand\u0131rmaya ve i\u00e7inde ya\u015fad\u0131\u011f\u0131m\u0131z evrene dair derinlemesine bir anlay\u0131\u015f geli\u015ftirmeye \u00e7al\u0131\u015f\u0131yorum.<\/p>\n<p> Pek \u00e7ok \u00fcniversitede onlarca y\u0131l fizik profes\u00f6r\u00fc olarak \u00e7al\u0131\u015ft\u0131m, burada say\u0131s\u0131z \u00f6\u011frenciye dan\u0131\u015fmanl\u0131k yapt\u0131m ve \u00e7\u0131\u011f\u0131r a\u00e7an ara\u015ft\u0131rmalar y\u00fcr\u00fctt\u00fcm. Eski \u00f6\u011frencilerimin \u00e7o\u011fu, onun rehberli\u011fi ve mentorlu\u011fu sayesinde bilimsel ara\u015ft\u0131rma, akademi ve \u00e7e\u015fitli end\u00fcstrilerde ba\u015far\u0131l\u0131 kariyerlere sahip oldular.<\/p>\n<p> \u00d6\u011fretme tutkumu geleneksel s\u0131n\u0131f\u0131n s\u0131n\u0131rlar\u0131n\u0131n \u00f6tesine ta\u015f\u0131d\u0131m. Bu blog, nerede olursan\u0131z olun uzmanl\u0131\u011f\u0131m\u0131 sizinle payla\u015faca\u011f\u0131m sanal bir \u00f6\u011frenme alan\u0131 g\u00f6revi g\u00f6r\u00fcyor. D\u00fc\u015f\u00fcnd\u00fcr\u00fcc\u00fc makaleler, ayr\u0131nt\u0131l\u0131 a\u00e7\u0131klamalar ve etkile\u015fimli tart\u0131\u015fmalardan olu\u015fan bir koleksiyon arac\u0131l\u0131\u011f\u0131yla, do\u011fal d\u00fcnyan\u0131n harikalar\u0131n\u0131 ke\u015ffetmek isteyen merakl\u0131 beyinlerle bu platformu payla\u015faca\u011f\u0131m.<\/p>\n<p> \u0130ster rehberlik arayan bir \u00f6\u011frenci olun, ister ya\u015fam boyu bilgiye a\u00e7 bir \u00f6\u011frenci olun, ister sadece evrenin gizemlerinden b\u00fcy\u00fclenmi\u015f biri olun, Physigeek.com de\u011ferli bir kaynak olacakt\u0131r. \u0130lgi \u00e7ekici yaz\u0131 stili, karma\u015f\u0131k konular\u0131 kolayca sindirilebilir par\u00e7alara ay\u0131rma konusundaki uzmanl\u0131\u011f\u0131mla birle\u015fti\u011finde, fizik \u00f6\u011frenmeyi keyifli ve \u00f6d\u00fcllendirici bir deneyim haline getirecek.<\/p>\n<p> Fizik e\u011fitiminin heyecan verici d\u00fcnyas\u0131na ho\u015f geldiniz!<\/p>\n","protected":false},"excerpt":{"rendered":"<p>Physigeek.org&#8217;a ho\u015f geldiniz. Benim ad\u0131m Jonathan Reynolds, sayg\u0131n bir eski fizik profes\u00f6r\u00fc ve tutkulu bir e\u011fitimci. Fizik alan\u0131nda g\u00fc\u00e7l\u00fc bir akademik ge\u00e7mi\u015fe ve geni\u015f deneyime sahip olarak, yaz\u0131lara zengin bir bilgi ve uzmanl\u0131k kat\u0131yorum. Karma\u015f\u0131k bilimsel kavramlar\u0131 eri\u015filebilir ve ilgi \u00e7ekici hale getirme konusundaki kararl\u0131l\u0131\u011f\u0131m, e\u011fitime olan benzersiz yakla\u015f\u0131m\u0131mda a\u00e7\u0131k\u00e7a g\u00f6r\u00fclmektedir. Bu blog arac\u0131l\u0131\u011f\u0131yla merak &hellip;<\/p>\n<p class=\"read-more\"> <a class=\"\" href=\"https:\/\/physigeek.com\/tr\/hakkinda\/\"> <span class=\"screen-reader-text\">Hakk\u0131nda<\/span> Devam\u0131 &raquo;<\/a><\/p>\n","protected":false},"author":1,"featured_media":0,"parent":0,"menu_order":0,"comment_status":"closed","ping_status":"closed","template":"","meta":{"site-sidebar-layout":"default","site-content-layout":"","ast-site-content-layout":"","site-content-style":"default","site-sidebar-style":"default","ast-global-header-display":"","ast-banner-title-visibility":"","ast-main-header-display":"","ast-hfb-above-header-display":"","ast-hfb-below-header-display":"","ast-hfb-mobile-header-display":"","site-post-title":"","ast-breadcrumbs-content":"","ast-featured-img":"","footer-sml-layout":"","theme-transparent-header-meta":"","adv-header-id-meta":"","stick-header-meta":"","header-above-stick-meta":"","header-main-stick-meta":"","header-below-stick-meta":"","astra-migrate-meta-layouts":"","footnotes":""},"class_list":["post-489","page","type-page","status-publish","hentry"],"yoast_head":"<!-- This site is optimized with the Yoast SEO plugin v21.3 - https:\/\/yoast.com\/wordpress\/plugins\/seo\/ -->\n<title>Hakk\u0131nda - Physigeek<\/title>\n<meta name=\"description\" content=\"Karma\u015f\u0131k bilimsel kavramlar\u0131 eri\u015filebilir ve ilgi \u00e7ekici hale getirmeye kararl\u0131 olarak merak ve merak uyand\u0131rmaya \u00e7al\u0131\u015f\u0131yoruz.\" \/>\n<meta name=\"robots\" content=\"index, follow, max-snippet:-1, max-image-preview:large, max-video-preview:-1\" \/>\n<link rel=\"canonical\" href=\"https:\/\/physigeek.com\/tr\/hakkinda\/\" \/>\n<meta property=\"og:locale\" content=\"tr_TR\" \/>\n<meta property=\"og:type\" content=\"article\" \/>\n<meta property=\"og:title\" content=\"Hakk\u0131nda - Physigeek\" \/>\n<meta property=\"og:description\" content=\"Karma\u015f\u0131k bilimsel kavramlar\u0131 eri\u015filebilir ve ilgi \u00e7ekici hale getirmeye kararl\u0131 olarak merak ve merak uyand\u0131rmaya \u00e7al\u0131\u015f\u0131yoruz.\" \/>\n<meta property=\"og:url\" content=\"https:\/\/physigeek.com\/tr\/hakkinda\/\" \/>\n<meta property=\"og:image\" content=\"https:\/\/physigeek.com\/wp-content\/uploads\/2023\/09\/Jonathan-Reynolds-300x277.jpg\" \/>\n<meta name=\"twitter:card\" content=\"summary_large_image\" \/>\n<meta name=\"twitter:label1\" content=\"Tahmini okuma s\u00fcresi\" \/>\n\t<meta name=\"twitter:data1\" content=\"2 dakika\" \/>\n<script type=\"application\/ld+json\" class=\"yoast-schema-graph\">{\"@context\":\"https:\/\/schema.org\",\"@graph\":[{\"@type\":\"WebPage\",\"@id\":\"https:\/\/physigeek.com\/tr\/hakkinda\/\",\"url\":\"https:\/\/physigeek.com\/tr\/hakkinda\/\",\"name\":\"Hakk\u0131nda - Physigeek\",\"isPartOf\":{\"@id\":\"https:\/\/physigeek.com\/tr\/#website\"},\"datePublished\":\"2023-09-02T05:35:06+00:00\",\"dateModified\":\"2023-09-02T05:35:06+00:00\",\"description\":\"Karma\u015f\u0131k bilimsel kavramlar\u0131 eri\u015filebilir ve ilgi \u00e7ekici hale getirmeye kararl\u0131 olarak merak ve merak uyand\u0131rmaya \u00e7al\u0131\u015f\u0131yoruz.\",\"breadcrumb\":{\"@id\":\"https:\/\/physigeek.com\/tr\/hakkinda\/#breadcrumb\"},\"inLanguage\":\"tr\",\"potentialAction\":[{\"@type\":\"ReadAction\",\"target\":[\"https:\/\/physigeek.com\/tr\/hakkinda\/\"]}]},{\"@type\":\"BreadcrumbList\",\"@id\":\"https:\/\/physigeek.com\/tr\/hakkinda\/#breadcrumb\",\"itemListElement\":[{\"@type\":\"ListItem\",\"position\":1,\"name\":\"Ev\",\"item\":\"https:\/\/physigeek.com\/tr\/\"},{\"@type\":\"ListItem\",\"position\":2,\"name\":\"Hakk\u0131nda\"}]},{\"@type\":\"WebSite\",\"@id\":\"https:\/\/physigeek.com\/tr\/#website\",\"url\":\"https:\/\/physigeek.com\/tr\/\",\"name\":\"Physigeek\",\"description\":\"Fizi\u011fi kolay yoldan \u00f6\u011frenin!\",\"publisher\":{\"@id\":\"https:\/\/physigeek.com\/tr\/#organization\"},\"potentialAction\":[{\"@type\":\"SearchAction\",\"target\":{\"@type\":\"EntryPoint\",\"urlTemplate\":\"https:\/\/physigeek.com\/tr\/?s={search_term_string}\"},\"query-input\":\"required name=search_term_string\"}],\"inLanguage\":\"tr\"},{\"@type\":\"Organization\",\"@id\":\"https:\/\/physigeek.com\/tr\/#organization\",\"name\":\"Physigeek\",\"url\":\"https:\/\/physigeek.com\/tr\/\",\"logo\":{\"@type\":\"ImageObject\",\"inLanguage\":\"tr\",\"@id\":\"https:\/\/physigeek.com\/tr\/#\/schema\/logo\/image\/\",\"url\":\"https:\/\/physigeek.com\/tr\/wp-content\/uploads\/2023\/10\/physigeek-logos.png\",\"contentUrl\":\"https:\/\/physigeek.com\/tr\/wp-content\/uploads\/2023\/10\/physigeek-logos.png\",\"width\":180,\"height\":42,\"caption\":\"Physigeek\"},\"image\":{\"@id\":\"https:\/\/physigeek.com\/tr\/#\/schema\/logo\/image\/\"}}]}<\/script>\n<!-- \/ Yoast SEO plugin. -->","yoast_head_json":{"title":"Hakk\u0131nda - Physigeek","description":"Karma\u015f\u0131k bilimsel kavramlar\u0131 eri\u015filebilir ve ilgi \u00e7ekici hale getirmeye kararl\u0131 olarak merak ve merak uyand\u0131rmaya \u00e7al\u0131\u015f\u0131yoruz.","robots":{"index":"index","follow":"follow","max-snippet":"max-snippet:-1","max-image-preview":"max-image-preview:large","max-video-preview":"max-video-preview:-1"},"canonical":"https:\/\/physigeek.com\/tr\/hakkinda\/","og_locale":"tr_TR","og_type":"article","og_title":"Hakk\u0131nda - Physigeek","og_description":"Karma\u015f\u0131k bilimsel kavramlar\u0131 eri\u015filebilir ve ilgi \u00e7ekici hale getirmeye kararl\u0131 olarak merak ve merak uyand\u0131rmaya \u00e7al\u0131\u015f\u0131yoruz.","og_url":"https:\/\/physigeek.com\/tr\/hakkinda\/","og_image":[{"url":"https:\/\/physigeek.com\/wp-content\/uploads\/2023\/09\/Jonathan-Reynolds-300x277.jpg"}],"twitter_card":"summary_large_image","twitter_misc":{"Tahmini okuma s\u00fcresi":"2 dakika"},"schema":{"@context":"https:\/\/schema.org","@graph":[{"@type":"WebPage","@id":"https:\/\/physigeek.com\/tr\/hakkinda\/","url":"https:\/\/physigeek.com\/tr\/hakkinda\/","name":"Hakk\u0131nda - Physigeek","isPartOf":{"@id":"https:\/\/physigeek.com\/tr\/#website"},"datePublished":"2023-09-02T05:35:06+00:00","dateModified":"2023-09-02T05:35:06+00:00","description":"Karma\u015f\u0131k bilimsel kavramlar\u0131 eri\u015filebilir ve ilgi \u00e7ekici hale getirmeye kararl\u0131 olarak merak ve merak uyand\u0131rmaya \u00e7al\u0131\u015f\u0131yoruz.","breadcrumb":{"@id":"https:\/\/physigeek.com\/tr\/hakkinda\/#breadcrumb"},"inLanguage":"tr","potentialAction":[{"@type":"ReadAction","target":["https:\/\/physigeek.com\/tr\/hakkinda\/"]}]},{"@type":"BreadcrumbList","@id":"https:\/\/physigeek.com\/tr\/hakkinda\/#breadcrumb","itemListElement":[{"@type":"ListItem","position":1,"name":"Ev","item":"https:\/\/physigeek.com\/tr\/"},{"@type":"ListItem","position":2,"name":"Hakk\u0131nda"}]},{"@type":"WebSite","@id":"https:\/\/physigeek.com\/tr\/#website","url":"https:\/\/physigeek.com\/tr\/","name":"Physigeek","description":"Fizi\u011fi kolay yoldan \u00f6\u011frenin!","publisher":{"@id":"https:\/\/physigeek.com\/tr\/#organization"},"potentialAction":[{"@type":"SearchAction","target":{"@type":"EntryPoint","urlTemplate":"https:\/\/physigeek.com\/tr\/?s={search_term_string}"},"query-input":"required name=search_term_string"}],"inLanguage":"tr"},{"@type":"Organization","@id":"https:\/\/physigeek.com\/tr\/#organization","name":"Physigeek","url":"https:\/\/physigeek.com\/tr\/","logo":{"@type":"ImageObject","inLanguage":"tr","@id":"https:\/\/physigeek.com\/tr\/#\/schema\/logo\/image\/","url":"https:\/\/physigeek.com\/tr\/wp-content\/uploads\/2023\/10\/physigeek-logos.png","contentUrl":"https:\/\/physigeek.com\/tr\/wp-content\/uploads\/2023\/10\/physigeek-logos.png","width":180,"height":42,"caption":"Physigeek"},"image":{"@id":"https:\/\/physigeek.com\/tr\/#\/schema\/logo\/image\/"}}]}},"yoast_meta":{"yoast_wpseo_title":"","yoast_wpseo_metadesc":"","yoast_wpseo_canonical":""},"_links":{"self":[{"href":"https:\/\/physigeek.com\/tr\/wp-json\/wp\/v2\/pages\/489","targetHints":{"allow":["GET"]}}],"collection":[{"href":"https:\/\/physigeek.com\/tr\/wp-json\/wp\/v2\/pages"}],"about":[{"href":"https:\/\/physigeek.com\/tr\/wp-json\/wp\/v2\/types\/page"}],"author":[{"embeddable":true,"href":"https:\/\/physigeek.com\/tr\/wp-json\/wp\/v2\/users\/1"}],"replies":[{"embeddable":true,"href":"https:\/\/physigeek.com\/tr\/wp-json\/wp\/v2\/comments?post=489"}],"version-history":[{"count":0,"href":"https:\/\/physigeek.com\/tr\/wp-json\/wp\/v2\/pages\/489\/revisions"}],"wp:attachment":[{"href":"https:\/\/physigeek.com\/tr\/wp-json\/wp\/v2\/media?parent=489"}],"curies":[{"name":"wp","href":"https:\/\/api.w.org\/{rel}","templated":true}]}}