{"id":488,"date":"2023-09-02T05:42:14","date_gmt":"2023-09-02T05:42:14","guid":{"rendered":"https:\/\/physigeek.com\/tr\/temas-etmek\/"},"modified":"2023-10-22T05:28:53","modified_gmt":"2023-10-22T05:28:53","slug":"temas-etmek","status":"publish","type":"page","link":"https:\/\/physigeek.com\/tr\/temas-etmek\/","title":{"rendered":"Temas etmek"},"content":{"rendered":"<p>Herhangi bir sorunuz veya yorumunuz varsa, l\u00fctfen a\u015fa\u011f\u0131da belirtilen ileti\u015fim kanallar\u0131ndan herhangi birini kullanarak benimle ileti\u015fime ge\u00e7mekten \u00e7ekinmeyin. Kedi beslemeyi \u00e7ok isterim!<\/p>\n<p><strong>\u0130leti\u015fim Formu<\/strong> : A\u015fa\u011f\u0131da g\u00f6sterildi\u011fi gibi:<\/p>\n<p><iframe loading=\"lazy\" src=\"https:\/\/docs.google.com\/forms\/d\/e\/1FAIpQLSedSUhOA1VBesCHAzuEMjkMxJL6ZyW5CSi5PsfpaIrZykV99g\/viewform?embedded=true\" width=\"640\" height=\"771\" frameborder=\"0\" marginwidth=\"0\" marginheight=\"0\">Loading\u2026<\/iframe><\/p>\n","protected":false},"excerpt":{"rendered":"<p>Herhangi bir sorunuz veya yorumunuz varsa, l\u00fctfen a\u015fa\u011f\u0131da belirtilen ileti\u015fim kanallar\u0131ndan herhangi birini kullanarak benimle ileti\u015fime ge\u00e7mekten \u00e7ekinmeyin. Kedi beslemeyi \u00e7ok isterim! \u0130leti\u015fim Formu : A\u015fa\u011f\u0131da g\u00f6sterildi\u011fi gibi: Loading\u2026<\/p>\n","protected":false},"author":1,"featured_media":0,"parent":0,"menu_order":0,"comment_status":"closed","ping_status":"closed","template":"","meta":{"site-sidebar-layout":"default","site-content-layout":"","ast-site-content-layout":"","site-content-style":"default","site-sidebar-style":"default","ast-global-header-display":"","ast-banner-title-visibility":"","ast-main-header-display":"","ast-hfb-above-header-display":"","ast-hfb-below-header-display":"","ast-hfb-mobile-header-display":"","site-post-title":"","ast-breadcrumbs-content":"","ast-featured-img":"","footer-sml-layout":"","theme-transparent-header-meta":"","adv-header-id-meta":"","stick-header-meta":"","header-above-stick-meta":"","header-main-stick-meta":"","header-below-stick-meta":"","astra-migrate-meta-layouts":"","footnotes":""},"class_list":["post-488","page","type-page","status-publish","hentry"],"yoast_head":"<!-- This site is optimized with the Yoast SEO plugin v21.3 - https:\/\/yoast.com\/wordpress\/plugins\/seo\/ -->\n<title>\u0130leti\u015fim - Physigeek<\/title>\n<meta name=\"description\" content=\"Herhangi bir sorunuz veya yorumunuz varsa, l\u00fctfen a\u015fa\u011f\u0131da belirtilen ileti\u015fim kanallar\u0131ndan herhangi birini kullanarak benimle ileti\u015fime ge\u00e7mekten \u00e7ekinmeyin.\" \/>\n<meta name=\"robots\" content=\"index, follow, max-snippet:-1, max-image-preview:large, max-video-preview:-1\" \/>\n<link rel=\"canonical\" href=\"https:\/\/physigeek.com\/tr\/temas-etmek\/\" \/>\n<meta property=\"og:locale\" content=\"tr_TR\" \/>\n<meta property=\"og:type\" content=\"article\" \/>\n<meta property=\"og:title\" content=\"\u0130leti\u015fim - Physigeek\" \/>\n<meta property=\"og:description\" content=\"Herhangi bir sorunuz veya yorumunuz varsa, l\u00fctfen a\u015fa\u011f\u0131da belirtilen ileti\u015fim kanallar\u0131ndan herhangi birini kullanarak benimle ileti\u015fime ge\u00e7mekten \u00e7ekinmeyin.\" \/>\n<meta property=\"og:url\" content=\"https:\/\/physigeek.com\/tr\/temas-etmek\/\" \/>\n<meta property=\"article:modified_time\" content=\"2023-10-22T05:28:53+00:00\" \/>\n<meta name=\"twitter:card\" content=\"summary_large_image\" \/>\n<meta name=\"twitter:label1\" content=\"Tahmini okuma s\u00fcresi\" \/>\n\t<meta name=\"twitter:data1\" content=\"1 dakika\" \/>\n<script type=\"application\/ld+json\" class=\"yoast-schema-graph\">{\"@context\":\"https:\/\/schema.org\",\"@graph\":[{\"@type\":\"WebPage\",\"@id\":\"https:\/\/physigeek.com\/tr\/temas-etmek\/\",\"url\":\"https:\/\/physigeek.com\/tr\/temas-etmek\/\",\"name\":\"\u0130leti\u015fim - Physigeek\",\"isPartOf\":{\"@id\":\"https:\/\/physigeek.com\/tr\/#website\"},\"datePublished\":\"2023-09-02T05:42:14+00:00\",\"dateModified\":\"2023-10-22T05:28:53+00:00\",\"description\":\"Herhangi bir sorunuz veya yorumunuz varsa, l\u00fctfen a\u015fa\u011f\u0131da belirtilen ileti\u015fim kanallar\u0131ndan herhangi birini kullanarak benimle ileti\u015fime ge\u00e7mekten \u00e7ekinmeyin.\",\"breadcrumb\":{\"@id\":\"https:\/\/physigeek.com\/tr\/temas-etmek\/#breadcrumb\"},\"inLanguage\":\"tr\",\"potentialAction\":[{\"@type\":\"ReadAction\",\"target\":[\"https:\/\/physigeek.com\/tr\/temas-etmek\/\"]}]},{\"@type\":\"BreadcrumbList\",\"@id\":\"https:\/\/physigeek.com\/tr\/temas-etmek\/#breadcrumb\",\"itemListElement\":[{\"@type\":\"ListItem\",\"position\":1,\"name\":\"Ev\",\"item\":\"https:\/\/physigeek.com\/tr\/\"},{\"@type\":\"ListItem\",\"position\":2,\"name\":\"Temas etmek\"}]},{\"@type\":\"WebSite\",\"@id\":\"https:\/\/physigeek.com\/tr\/#website\",\"url\":\"https:\/\/physigeek.com\/tr\/\",\"name\":\"Physigeek\",\"description\":\"Fizi\u011fi kolay yoldan \u00f6\u011frenin!\",\"publisher\":{\"@id\":\"https:\/\/physigeek.com\/tr\/#organization\"},\"potentialAction\":[{\"@type\":\"SearchAction\",\"target\":{\"@type\":\"EntryPoint\",\"urlTemplate\":\"https:\/\/physigeek.com\/tr\/?s={search_term_string}\"},\"query-input\":\"required name=search_term_string\"}],\"inLanguage\":\"tr\"},{\"@type\":\"Organization\",\"@id\":\"https:\/\/physigeek.com\/tr\/#organization\",\"name\":\"Physigeek\",\"url\":\"https:\/\/physigeek.com\/tr\/\",\"logo\":{\"@type\":\"ImageObject\",\"inLanguage\":\"tr\",\"@id\":\"https:\/\/physigeek.com\/tr\/#\/schema\/logo\/image\/\",\"url\":\"https:\/\/physigeek.com\/tr\/wp-content\/uploads\/2023\/10\/physigeek-logos.png\",\"contentUrl\":\"https:\/\/physigeek.com\/tr\/wp-content\/uploads\/2023\/10\/physigeek-logos.png\",\"width\":180,\"height\":42,\"caption\":\"Physigeek\"},\"image\":{\"@id\":\"https:\/\/physigeek.com\/tr\/#\/schema\/logo\/image\/\"}}]}<\/script>\n<!-- \/ Yoast SEO plugin. -->","yoast_head_json":{"title":"\u0130leti\u015fim - Physigeek","description":"Herhangi bir sorunuz veya yorumunuz varsa, l\u00fctfen a\u015fa\u011f\u0131da belirtilen ileti\u015fim kanallar\u0131ndan herhangi birini kullanarak benimle ileti\u015fime ge\u00e7mekten \u00e7ekinmeyin.","robots":{"index":"index","follow":"follow","max-snippet":"max-snippet:-1","max-image-preview":"max-image-preview:large","max-video-preview":"max-video-preview:-1"},"canonical":"https:\/\/physigeek.com\/tr\/temas-etmek\/","og_locale":"tr_TR","og_type":"article","og_title":"\u0130leti\u015fim - Physigeek","og_description":"Herhangi bir sorunuz veya yorumunuz varsa, l\u00fctfen a\u015fa\u011f\u0131da belirtilen ileti\u015fim kanallar\u0131ndan herhangi birini kullanarak benimle ileti\u015fime ge\u00e7mekten \u00e7ekinmeyin.","og_url":"https:\/\/physigeek.com\/tr\/temas-etmek\/","article_modified_time":"2023-10-22T05:28:53+00:00","twitter_card":"summary_large_image","twitter_misc":{"Tahmini okuma s\u00fcresi":"1 dakika"},"schema":{"@context":"https:\/\/schema.org","@graph":[{"@type":"WebPage","@id":"https:\/\/physigeek.com\/tr\/temas-etmek\/","url":"https:\/\/physigeek.com\/tr\/temas-etmek\/","name":"\u0130leti\u015fim - Physigeek","isPartOf":{"@id":"https:\/\/physigeek.com\/tr\/#website"},"datePublished":"2023-09-02T05:42:14+00:00","dateModified":"2023-10-22T05:28:53+00:00","description":"Herhangi bir sorunuz veya yorumunuz varsa, l\u00fctfen a\u015fa\u011f\u0131da belirtilen ileti\u015fim kanallar\u0131ndan herhangi birini kullanarak benimle ileti\u015fime ge\u00e7mekten \u00e7ekinmeyin.","breadcrumb":{"@id":"https:\/\/physigeek.com\/tr\/temas-etmek\/#breadcrumb"},"inLanguage":"tr","potentialAction":[{"@type":"ReadAction","target":["https:\/\/physigeek.com\/tr\/temas-etmek\/"]}]},{"@type":"BreadcrumbList","@id":"https:\/\/physigeek.com\/tr\/temas-etmek\/#breadcrumb","itemListElement":[{"@type":"ListItem","position":1,"name":"Ev","item":"https:\/\/physigeek.com\/tr\/"},{"@type":"ListItem","position":2,"name":"Temas etmek"}]},{"@type":"WebSite","@id":"https:\/\/physigeek.com\/tr\/#website","url":"https:\/\/physigeek.com\/tr\/","name":"Physigeek","description":"Fizi\u011fi kolay yoldan \u00f6\u011frenin!","publisher":{"@id":"https:\/\/physigeek.com\/tr\/#organization"},"potentialAction":[{"@type":"SearchAction","target":{"@type":"EntryPoint","urlTemplate":"https:\/\/physigeek.com\/tr\/?s={search_term_string}"},"query-input":"required name=search_term_string"}],"inLanguage":"tr"},{"@type":"Organization","@id":"https:\/\/physigeek.com\/tr\/#organization","name":"Physigeek","url":"https:\/\/physigeek.com\/tr\/","logo":{"@type":"ImageObject","inLanguage":"tr","@id":"https:\/\/physigeek.com\/tr\/#\/schema\/logo\/image\/","url":"https:\/\/physigeek.com\/tr\/wp-content\/uploads\/2023\/10\/physigeek-logos.png","contentUrl":"https:\/\/physigeek.com\/tr\/wp-content\/uploads\/2023\/10\/physigeek-logos.png","width":180,"height":42,"caption":"Physigeek"},"image":{"@id":"https:\/\/physigeek.com\/tr\/#\/schema\/logo\/image\/"}}]}},"yoast_meta":{"yoast_wpseo_title":"","yoast_wpseo_metadesc":"","yoast_wpseo_canonical":""},"_links":{"self":[{"href":"https:\/\/physigeek.com\/tr\/wp-json\/wp\/v2\/pages\/488","targetHints":{"allow":["GET"]}}],"collection":[{"href":"https:\/\/physigeek.com\/tr\/wp-json\/wp\/v2\/pages"}],"about":[{"href":"https:\/\/physigeek.com\/tr\/wp-json\/wp\/v2\/types\/page"}],"author":[{"embeddable":true,"href":"https:\/\/physigeek.com\/tr\/wp-json\/wp\/v2\/users\/1"}],"replies":[{"embeddable":true,"href":"https:\/\/physigeek.com\/tr\/wp-json\/wp\/v2\/comments?post=488"}],"version-history":[{"count":1,"href":"https:\/\/physigeek.com\/tr\/wp-json\/wp\/v2\/pages\/488\/revisions"}],"predecessor-version":[{"id":493,"href":"https:\/\/physigeek.com\/tr\/wp-json\/wp\/v2\/pages\/488\/revisions\/493"}],"wp:attachment":[{"href":"https:\/\/physigeek.com\/tr\/wp-json\/wp\/v2\/media?parent=488"}],"curies":[{"name":"wp","href":"https:\/\/api.w.org\/{rel}","templated":true}]}}