{"id":487,"date":"2023-09-02T06:11:27","date_gmt":"2023-09-02T06:11:27","guid":{"rendered":"https:\/\/physigeek.com\/tr\/gizlilik-politikasi\/"},"modified":"2023-10-22T05:25:12","modified_gmt":"2023-10-22T05:25:12","slug":"gizlilik-politikasi","status":"publish","type":"page","link":"https:\/\/physigeek.com\/tr\/gizlilik-politikasi\/","title":{"rendered":"Gizlilik politikas\u0131"},"content":{"rendered":"<p>Bu Gizlilik Politikas\u0131, Web Sitesini ziyaret etti\u011finizde bilgilerinizin toplanmas\u0131, kullan\u0131lmas\u0131 ve if\u015fa edilmesine ili\u015fkin politikalar\u0131m\u0131z\u0131 ve prosed\u00fcrlerimizi a\u00e7\u0131klamaktad\u0131r. Hizmeti kullanarak bilgilerin bu Gizlilik Politikas\u0131na uygun olarak toplanmas\u0131n\u0131 ve kullan\u0131lmas\u0131n\u0131 kabul etmi\u015f olursunuz.<\/p>\n<h2>Toplanan veri t\u00fcrleri<\/h2>\n<h3>Ki\u015fisel veri<\/h3>\n<p>Hizmetimizi kullan\u0131rken, sizinle ileti\u015fim kurmak veya kimli\u011finizi belirlemek i\u00e7in kullan\u0131labilecek belirli ki\u015fisel bilgileri bize sa\u011flaman\u0131z\u0131 isteyebiliriz. Ki\u015fisel olarak tan\u0131mlanabilir bilgiler a\u015fa\u011f\u0131dakileri i\u00e7erebilir ancak bunlarla s\u0131n\u0131rl\u0131 de\u011fildir:<\/p>\n<ul>\n<li>E-posta adresi<\/li>\n<li>Ad ve soyad<\/li>\n<li>Veri kullan\u0131m\u0131<\/li>\n<\/ul>\n<h3>Veri kullan\u0131m\u0131<\/h3>\n<p>Kullan\u0131m Verileri, cihaz\u0131n\u0131z\u0131n \u0130nternet Protokol adresi (\u00f6rn. IP adresi), taray\u0131c\u0131 t\u00fcr\u00fc, taray\u0131c\u0131 s\u00fcr\u00fcm\u00fc, Hizmetimizin ziyaret etti\u011finiz sayfalar\u0131, ziyaretinizin saati ve tarihi, bu sayfalarda ge\u00e7irilen s\u00fcre, benzersiz cihaz gibi bilgileri i\u00e7erebilir. tan\u0131mlay\u0131c\u0131lar ve di\u011fer te\u015fhis verileri.<\/p>\n<p>Hizmete bir mobil cihaz \u00fczerinden veya arac\u0131l\u0131\u011f\u0131yla eri\u015fti\u011finizde, kulland\u0131\u011f\u0131n\u0131z mobil cihaz\u0131n t\u00fcr\u00fc, mobil cihaz\u0131n\u0131z\u0131n benzersiz tan\u0131mlay\u0131c\u0131s\u0131, sistem mobil i\u015fleminiz, mobil cihaz\u0131n\u0131z\u0131n t\u00fcr\u00fc dahil ancak bunlarla s\u0131n\u0131rl\u0131 olmamak \u00fczere belirli bilgileri otomatik olarak toplayabiliriz. mobil internetin. kulland\u0131\u011f\u0131n\u0131z taray\u0131c\u0131, benzersiz cihaz tan\u0131mlay\u0131c\u0131lar\u0131 ve di\u011fer te\u015fhis verileri.<\/p>\n<p>Ayr\u0131ca, Hizmetimizi her ziyaret etti\u011finizde veya Hizmete bir mobil cihaz \u00fczerinden veya arac\u0131l\u0131\u011f\u0131yla eri\u015fti\u011finizde taray\u0131c\u0131n\u0131z\u0131n g\u00f6nderdi\u011fi bilgileri de toplayabiliriz.<\/p>\n<h3>Takip Teknolojileri ve \u00c7erezler<\/h3>\n<p>Hizmetimizdeki etkinli\u011fi izlemek ve belirli bilgileri saklamak i\u00e7in \u00e7erezleri ve benzer izleme teknolojilerini kullan\u0131yoruz. Kullan\u0131lan izleme teknolojileri, bilgileri toplamak ve izlemek ve Hizmetimizi geli\u015ftirmek ve analiz etmek i\u00e7in kullan\u0131lan etiketler, etiketler ve komut dosyalar\u0131d\u0131r. Kulland\u0131\u011f\u0131m\u0131z teknolojiler \u015funlar\u0131 i\u00e7erebilir:<\/p>\n<ol>\n<li><strong>Taray\u0131c\u0131 \u00e7erezleri<\/strong> . \u00c7erez, cihaz\u0131n\u0131za yerle\u015ftirilen k\u00fc\u00e7\u00fck bir dosyad\u0131r. Taray\u0131c\u0131n\u0131za t\u00fcm \u00e7erezleri reddetmesi veya bir \u00e7erez g\u00f6nderildi\u011finde bunu belirtmesi talimat\u0131n\u0131 verebilirsiniz. Ancak \u00e7erezleri kabul etmezseniz Hizmetimizin belirli b\u00f6l\u00fcmlerini kullanamayabilirsiniz.<\/li>\n<li><strong>Web i\u015faret\u00e7ileri<\/strong> . Hizmetimizin ve e-postalar\u0131m\u0131z\u0131n belirli alanlar\u0131, \u00f6rne\u011fin \u015eirketin bu alanlar\u0131 ziyaret eden kullan\u0131c\u0131lar\u0131 saymas\u0131na olanak tan\u0131yan, web i\u015faret\u00e7ileri (a\u00e7\u0131k gifler, piksel etiketleri ve tek pikselli gifler olarak da bilinir) ad\u0131 verilen k\u00fc\u00e7\u00fck elektronik dosyalar i\u00e7erebilir. sayfalar. veya bir e-postay\u0131 a\u00e7mak ve web sitesindeki di\u011fer ilgili istatistikler i\u00e7in (\u00f6rne\u011fin, belirli bir b\u00f6l\u00fcm\u00fcn pop\u00fclerli\u011fini kaydetmek ve sistem ve sunucu b\u00fct\u00fcnl\u00fc\u011f\u00fcn\u00fc kontrol etmek).<\/li>\n<\/ol>\n<p>\u00c7erezler \u201ckal\u0131c\u0131\u201d veya \u201coturum\u201d \u00e7erezleri olabilir. Kal\u0131c\u0131 \u00e7erezler, \u00e7\u0131k\u0131\u015f yapt\u0131\u011f\u0131n\u0131zda ki\u015fisel bilgisayar\u0131n\u0131zda veya mobil cihaz\u0131n\u0131zda kal\u0131r, oturum \u00e7erezleri ise web taray\u0131c\u0131n\u0131z\u0131 kapatt\u0131\u011f\u0131n\u0131z anda silinir.<\/p>\n<h2>Ki\u015fisel verilerinizin kullan\u0131m\u0131<\/h2>\n<p>\u015eirket, Ki\u015fisel Verileri a\u015fa\u011f\u0131daki ama\u00e7larla kullanabilir:<\/p>\n<p><strong>1. Hizmetimizin kullan\u0131m\u0131n\u0131n izlenmesi de dahil olmak \u00fczere Hizmetimizi sa\u011flamak ve s\u00fcrd\u00fcrmek<\/strong> .<br \/>\n<strong>2. Sizinle ileti\u015fime ge\u00e7mek i\u00e7in<\/strong> : Gerekti\u011finde veya makul oldu\u011funda, g\u00fcvenlik g\u00fcncellemeleri de dahil olmak \u00fczere s\u00f6zle\u015fme kapsam\u0131ndaki \u00f6zellikler, \u00fcr\u00fcnler veya hizmetlerle ilgili g\u00fcncellemeler veya bilgi ileti\u015fimleri ile ilgili bir mobil uygulamadan anl\u0131k bildirimler gibi e-posta veya di\u011fer e\u015fde\u011fer elektronik ileti\u015fim bi\u00e7imleri arac\u0131l\u0131\u011f\u0131yla sizinle ileti\u015fime ge\u00e7mek. bunlar\u0131n uygulanmas\u0131 i\u00e7in.<br \/>\n<strong>3. Bu t\u00fcr bilgileri almamay\u0131 tercih etmedi\u011finiz s\u00fcrece, size daha \u00f6nce sat\u0131n ald\u0131\u011f\u0131n\u0131z veya hakk\u0131nda bilgi ald\u0131\u011f\u0131n\u0131z \u00fcr\u00fcnlere benzer, taraf\u0131m\u0131zca sunulan di\u011fer \u00fcr\u00fcnler, hizmetler ve etkinlikler hakk\u0131nda haberler, \u00f6zel teklifler ve genel bilgiler sa\u011flamak<\/strong> .<br \/>\n<strong>4. Taleplerinizi y\u00f6netmek<\/strong> : Bize y\u00f6nelik taleplerinizi yan\u0131tlamak ve y\u00f6netmek.<br \/>\nTicari transferler i\u00e7in: Bilgilerinizi, devam eden bir i\u015fletmede veya iflasla ba\u011flant\u0131l\u0131 olarak, varl\u0131klar\u0131m\u0131z\u0131n tamam\u0131n\u0131n veya bir k\u0131sm\u0131n\u0131n birle\u015fmesini, elden \u00e7\u0131kar\u0131lmas\u0131n\u0131, yeniden yap\u0131land\u0131r\u0131lmas\u0131n\u0131, yeniden d\u00fczenlenmesini, feshedilmesini veya ba\u015fka bir \u015fekilde sat\u0131lmas\u0131n\u0131 veya devredilmesini de\u011ferlendirmek veya bu i\u015flemlere devam etmek i\u00e7in kullanabiliriz. Hizmetlerimizin kullan\u0131c\u0131lar\u0131 hakk\u0131nda tuttu\u011fumuz ki\u015fisel verilerin devredilen varl\u0131klar aras\u0131nda yer ald\u0131\u011f\u0131 tasfiye, tasfiye veya benzeri i\u015flemler.<br \/>\n<strong>5.<\/strong> <strong>Di\u011fer ama\u00e7lar i\u00e7in<\/strong> : Bilgilerinizi, veri analizi, kullan\u0131m e\u011filimlerini belirlemek, promosyon kampanyalar\u0131m\u0131z\u0131n etkinli\u011fini belirlemek ve hizmetlerimizi, \u00fcr\u00fcnlerimizi, hizmetlerimizi, pazarlamam\u0131z\u0131 ve deneyiminizi de\u011ferlendirmek ve geli\u015ftirmek gibi ba\u015fka ama\u00e7lar i\u00e7in de kullanabiliriz.<\/p>\n<p><strong>Ki\u015fisel bilgilerinizi a\u015fa\u011f\u0131daki durumlarda payla\u015fabiliriz:<\/strong><\/p>\n<p><strong>Hizmet Sa\u011flay\u0131c\u0131larla<\/strong> : Hizmetimizin kullan\u0131m\u0131n\u0131 izlemek, analiz etmek ve sizinle ileti\u015fim kurmak i\u00e7in ki\u015fisel bilgilerinizi Hizmet Sa\u011flay\u0131c\u0131larla payla\u015fabiliriz.<\/p>\n<p><strong>Ticari devirler i\u00e7in<\/strong> : Ki\u015fisel bilgilerinizi herhangi bir birle\u015fme, \u015firket varl\u0131klar\u0131n\u0131n sat\u0131\u015f\u0131, finansman\u0131 veya i\u015fimizin tamam\u0131n\u0131n veya bir k\u0131sm\u0131n\u0131n ba\u015fka bir \u015firkete devral\u0131nmas\u0131 ile ba\u011flant\u0131l\u0131 olarak veya bunlarla ilgili m\u00fczakereler s\u0131ras\u0131nda payla\u015fabilir veya devredebiliriz.<\/p>\n<p><strong>Ba\u011fl\u0131 Kurulu\u015flarla<\/strong> : Bilgilerinizi ba\u011fl\u0131 kurulu\u015flar\u0131m\u0131z ile payla\u015fabiliriz; bu durumda s\u00f6z konusu ba\u011fl\u0131 kurulu\u015flar\u0131n bu gizlilik politikas\u0131na uymas\u0131n\u0131 zorunlu k\u0131laca\u011f\u0131z. Ba\u011fl\u0131 kurulu\u015flar aras\u0131nda ana \u015firketimiz ve di\u011fer ba\u011fl\u0131 kurulu\u015flar\u0131m\u0131z, ortak giri\u015fim ortaklar\u0131m\u0131z veya kontrol etti\u011fimiz veya bizimle ortak kontrol alt\u0131nda olan di\u011fer \u015firketler yer al\u0131r.<\/p>\n<p><strong>\u0130\u015f ortaklar\u0131yla<\/strong> : Size belirli \u00fcr\u00fcnler, hizmetler veya promosyonlar sunmak i\u00e7in bilgilerinizi i\u015f ortaklar\u0131m\u0131zla payla\u015fabiliriz.<\/p>\n<h2>Ki\u015fisel verilerinizin korunmas\u0131<\/h2>\n<p>\u015eirket, ki\u015fisel verilerinizi yaln\u0131zca bu gizlilik politikas\u0131nda belirtilen ama\u00e7lar i\u00e7in gerekli oldu\u011fu s\u00fcrece saklayacakt\u0131r. Ki\u015fisel verilerinizi, yasal y\u00fck\u00fcml\u00fcl\u00fcklerimize uymak (\u00f6rne\u011fin, ge\u00e7erli yasalara uymak i\u00e7in verilerinizi saklamam\u0131z gerekiyorsa), anla\u015fmazl\u0131klar\u0131 \u00e7\u00f6zmek ve yasal anla\u015fmalar\u0131m\u0131z\u0131 ve politikalar\u0131m\u0131z\u0131 uygulamak i\u00e7in gerekli oldu\u011fu \u00f6l\u00e7\u00fcde saklayacak ve kullanaca\u011f\u0131z.<\/p>\n<p>\u015eirket ayn\u0131 zamanda kullan\u0131m verilerini dahili analiz amac\u0131yla da saklayacakt\u0131r. Kullan\u0131m Verileri, bu verilerin g\u00fcvenli\u011fi g\u00fc\u00e7lendirmek veya Hizmetimizin i\u015flevselli\u011fini geli\u015ftirmek i\u00e7in kullan\u0131ld\u0131\u011f\u0131 veya yasal olarak bu verileri daha uzun s\u00fcre saklamam\u0131z\u0131n gerekli oldu\u011fu durumlar d\u0131\u015f\u0131nda, genellikle daha k\u0131sa bir s\u00fcre boyunca saklan\u0131r.<\/p>\n<p>Bu Gizlilik Politikas\u0131na onay vermeniz ve ard\u0131ndan bu t\u00fcr bilgileri g\u00f6ndermeniz, bu aktar\u0131ma ili\u015fkin s\u00f6zle\u015fmenizi temsil eder.<\/p>\n<p>\u015eirket, verilerinizin g\u00fcvenli bir \u015fekilde ve bu Gizlilik Politikas\u0131na uygun olarak i\u015flenmesini sa\u011flamak i\u00e7in makul olarak gerekli t\u00fcm ad\u0131mlar\u0131 atacak ve yeterli kontroller uygulanmad\u0131\u011f\u0131 s\u00fcrece ki\u015fisel verileriniz hi\u00e7bir kurulu\u015fa veya \u00fclkeye aktar\u0131lmayacakt\u0131r. Verilerinizin ve di\u011fer ki\u015fisel bilgilerinizin g\u00fcvenli\u011fi de dahil olmak \u00fczere y\u00fcr\u00fcrl\u00fcktedir.<\/p>\n<h2>Ki\u015fisel verilerinizin a\u00e7\u0131klanmas\u0131<\/h2>\n<h3>Ticari i\u015flemler<\/h3>\n<p>\u015eirketin bir birle\u015fme, sat\u0131n alma veya varl\u0131k sat\u0131\u015f\u0131na dahil olmas\u0131 durumunda ki\u015fisel verileriniz aktar\u0131labilir. Ki\u015fisel verileriniz aktar\u0131l\u0131p farkl\u0131 bir gizlilik politikas\u0131na tabi hale gelmeden \u00f6nce sizi bilgilendirece\u011fiz.<\/p>\n<h3>kanun yapt\u0131r\u0131m\u0131<\/h3>\n<p>Belirli ko\u015fullar alt\u0131nda, kanunen gerekli olmas\u0131 halinde veya kamu yetkililerinin (\u00f6rn. mahkeme veya devlet kurumu) ge\u00e7erli taleplerine yan\u0131t olarak \u015eirketin ki\u015fisel verilerinizi a\u00e7\u0131klamas\u0131 gerekebilir.<\/p>\n<h3>Di\u011fer yasal gereklilikler<\/h3>\n<p>\u015eirket, ki\u015fisel verilerinizi, bu t\u00fcr bir eylemin a\u015fa\u011f\u0131daki ama\u00e7larla gerekli oldu\u011funa iyi niyetle inanarak a\u00e7\u0131klayabilir:<\/p>\n<ul>\n<li>Yasal bir y\u00fck\u00fcml\u00fcl\u00fc\u011fe uymak<\/li>\n<li>\u015eirketin haklar\u0131n\u0131 veya m\u00fclkiyetini koruyun ve savunun<\/li>\n<li>Hizmetle ba\u011flant\u0131l\u0131 olas\u0131 suiistimalleri \u00f6nleyin veya ara\u015ft\u0131r\u0131n<\/li>\n<li>Hizmet Kullan\u0131c\u0131lar\u0131n\u0131n veya halk\u0131n ki\u015fisel g\u00fcvenli\u011fini koruyun<\/li>\n<li>Kendinizi yasal sorumlulu\u011fa kar\u015f\u0131 koruyun<\/li>\n<\/ul>\n<h2>Ki\u015fisel verilerinizin g\u00fcvenli\u011fi<\/h2>\n<p>Ki\u015fisel Bilgilerinizin g\u00fcvenli\u011fi bizim i\u00e7in \u00f6nemlidir ancak \u0130nternet \u00fczerinden hi\u00e7bir iletim y\u00f6nteminin veya elektronik depolama y\u00f6nteminin %100 g\u00fcvenli olmad\u0131\u011f\u0131n\u0131 unutmay\u0131n. Ki\u015fisel bilgilerinizi korumak i\u00e7in ticari olarak kabul edilebilir ara\u00e7lar\u0131 kullanmaya \u00e7al\u0131\u015fsak da, mutlak g\u00fcvenli\u011fini garanti edemeyiz.<\/p>\n<h3>\u00c7ocuklar\u0131n mahremiyeti<\/h3>\n<p>Hizmetimiz 13 ya\u015f\u0131n alt\u0131ndaki ki\u015filere y\u00f6nelik de\u011fildir. 13 ya\u015f\u0131n alt\u0131ndaki hi\u00e7 kimseden bilerek ki\u015fisel olarak tan\u0131mlanabilir hi\u00e7bir bilgi toplam\u0131yoruz. Ebeveyn veya vasi iseniz ve \u00e7ocu\u011funuzun bize ki\u015fisel veriler sa\u011flad\u0131\u011f\u0131n\u0131 biliyorsan\u0131z , l\u00fctfen bizimle ileti\u015fime ge\u00e7in.<\/p>\n<p>Ebeveyn onay\u0131 olmadan 13 ya\u015f\u0131n alt\u0131ndaki herhangi birinden ki\u015fisel bilgi toplad\u0131\u011f\u0131m\u0131z\u0131 \u00f6\u011frenirsek, bu bilgiyi sunucular\u0131m\u0131zdan silmek i\u00e7in gerekli ad\u0131mlar\u0131 atar\u0131z.<\/p>\n<p>Bilgilerinizi i\u015flemek i\u00e7in yasal bir dayanak olarak r\u0131zaya dayanmam\u0131z gerekiyorsa ve \u00fclkeniz ebeveyn izni gerektiriyorsa, bu bilgileri toplamadan ve kullanmadan \u00f6nce ebeveyninizin iznini isteyebiliriz.<\/p>\n<h2>Di\u011fer web sitelerine ba\u011flant\u0131lar<\/h2>\n<p>Hizmetimiz, Bizim taraf\u0131m\u0131zdan i\u015fletilmeyen di\u011fer web sitelerine ba\u011flant\u0131lar i\u00e7erebilir. \u00dc\u00e7\u00fcnc\u00fc taraf bir ba\u011flant\u0131ya t\u0131klarsan\u0131z, o \u00fc\u00e7\u00fcnc\u00fc taraf\u0131n sitesine y\u00f6nlendirilirsiniz. Ziyaret etti\u011finiz her sitenin gizlilik politikas\u0131n\u0131 incelemenizi \u00f6nemle tavsiye ederiz.<\/p>\n<p>\u00dc\u00e7\u00fcnc\u00fc taraf sitelerin veya hizmetlerin i\u00e7eri\u011fi, gizlilik politikalar\u0131 veya uygulamalar\u0131 \u00fczerinde hi\u00e7bir kontrol\u00fcm\u00fcz yoktur ve bunlar i\u00e7in hi\u00e7bir sorumluluk kabul etmiyoruz.<\/p>\n<p><strong>Bu gizlilik politikas\u0131ndaki de\u011fi\u015fiklikler<\/strong><\/p>\n<p>Gizlilik politikam\u0131z\u0131 zaman zaman g\u00fcncelleyebiliriz. Yeni gizlilik politikas\u0131n\u0131 bu sayfada yay\u0131nlayarak sizi herhangi bir de\u011fi\u015fiklik konusunda bilgilendirece\u011fiz.<\/p>\n<h2>Bize Ula\u015f\u0131n<\/h2>\n<p>Bu gizlilik politikas\u0131yla ilgili herhangi bir sorunuz varsa bizimle ileti\u015fime ge\u00e7ebilirsiniz:<\/p>\n<ul>\n<li>Web sitemizin bu sayfas\u0131n\u0131 ziyaret ederek: <a href=\"https:\/\/physigeek.com\/tr\/temas-etmek\/\">https:\/\/physigeek.com\/contact\/<\/a><\/li>\n<\/ul>\n","protected":false},"excerpt":{"rendered":"<p>Bu Gizlilik Politikas\u0131, Web Sitesini ziyaret etti\u011finizde bilgilerinizin toplanmas\u0131, kullan\u0131lmas\u0131 ve if\u015fa edilmesine ili\u015fkin politikalar\u0131m\u0131z\u0131 ve prosed\u00fcrlerimizi a\u00e7\u0131klamaktad\u0131r. Hizmeti kullanarak bilgilerin bu Gizlilik Politikas\u0131na uygun olarak toplanmas\u0131n\u0131 ve kullan\u0131lmas\u0131n\u0131 kabul etmi\u015f olursunuz. Toplanan veri t\u00fcrleri Ki\u015fisel veri Hizmetimizi kullan\u0131rken, sizinle ileti\u015fim kurmak veya kimli\u011finizi belirlemek i\u00e7in kullan\u0131labilecek belirli ki\u015fisel bilgileri bize sa\u011flaman\u0131z\u0131 isteyebiliriz. Ki\u015fisel olarak &hellip;<\/p>\n<p class=\"read-more\"> <a class=\"\" href=\"https:\/\/physigeek.com\/tr\/gizlilik-politikasi\/\"> <span class=\"screen-reader-text\">Gizlilik politikas\u0131<\/span> Devam\u0131 &raquo;<\/a><\/p>\n","protected":false},"author":1,"featured_media":0,"parent":0,"menu_order":0,"comment_status":"closed","ping_status":"closed","template":"","meta":{"site-sidebar-layout":"default","site-content-layout":"","ast-site-content-layout":"","site-content-style":"default","site-sidebar-style":"default","ast-global-header-display":"","ast-banner-title-visibility":"","ast-main-header-display":"","ast-hfb-above-header-display":"","ast-hfb-below-header-display":"","ast-hfb-mobile-header-display":"","site-post-title":"","ast-breadcrumbs-content":"","ast-featured-img":"","footer-sml-layout":"","theme-transparent-header-meta":"","adv-header-id-meta":"","stick-header-meta":"","header-above-stick-meta":"","header-main-stick-meta":"","header-below-stick-meta":"","astra-migrate-meta-layouts":"","footnotes":""},"class_list":["post-487","page","type-page","status-publish","hentry"],"yoast_head":"<!-- This site is optimized with the Yoast SEO plugin v21.3 - https:\/\/yoast.com\/wordpress\/plugins\/seo\/ -->\n<title>Gizlilik Politikas\u0131 - Physigeek<\/title>\n<meta name=\"description\" content=\"Bu Gizlilik Politikas\u0131, verilerinizin toplanmas\u0131, kullan\u0131lmas\u0131 ve if\u015fa edilmesine ili\u015fkin politikalar\u0131m\u0131z\u0131 ve prosed\u00fcrlerimizi a\u00e7\u0131klamaktad\u0131r.\" \/>\n<meta name=\"robots\" content=\"noindex, nofollow\" \/>\n<meta property=\"og:locale\" content=\"tr_TR\" \/>\n<meta property=\"og:type\" content=\"article\" \/>\n<meta property=\"og:title\" content=\"Gizlilik Politikas\u0131 - Physigeek\" \/>\n<meta property=\"og:description\" content=\"Bu Gizlilik Politikas\u0131, verilerinizin toplanmas\u0131, kullan\u0131lmas\u0131 ve if\u015fa edilmesine ili\u015fkin politikalar\u0131m\u0131z\u0131 ve prosed\u00fcrlerimizi a\u00e7\u0131klamaktad\u0131r.\" \/>\n<meta property=\"og:url\" content=\"https:\/\/physigeek.com\/tr\/gizlilik-politikasi\/\" \/>\n<meta property=\"article:modified_time\" content=\"2023-10-22T05:25:12+00:00\" \/>\n<meta name=\"twitter:card\" content=\"summary_large_image\" \/>\n<meta name=\"twitter:label1\" content=\"Tahmini okuma s\u00fcresi\" \/>\n\t<meta name=\"twitter:data1\" content=\"5 dakika\" \/>\n<script type=\"application\/ld+json\" class=\"yoast-schema-graph\">{\"@context\":\"https:\/\/schema.org\",\"@graph\":[{\"@type\":\"WebPage\",\"@id\":\"https:\/\/physigeek.com\/tr\/gizlilik-politikasi\/\",\"url\":\"https:\/\/physigeek.com\/tr\/gizlilik-politikasi\/\",\"name\":\"Gizlilik Politikas\u0131 - Physigeek\",\"isPartOf\":{\"@id\":\"https:\/\/physigeek.com\/tr\/#website\"},\"datePublished\":\"2023-09-02T06:11:27+00:00\",\"dateModified\":\"2023-10-22T05:25:12+00:00\",\"description\":\"Bu Gizlilik Politikas\u0131, verilerinizin toplanmas\u0131, kullan\u0131lmas\u0131 ve if\u015fa edilmesine ili\u015fkin politikalar\u0131m\u0131z\u0131 ve prosed\u00fcrlerimizi a\u00e7\u0131klamaktad\u0131r.\",\"breadcrumb\":{\"@id\":\"https:\/\/physigeek.com\/tr\/gizlilik-politikasi\/#breadcrumb\"},\"inLanguage\":\"tr\",\"potentialAction\":[{\"@type\":\"ReadAction\",\"target\":[\"https:\/\/physigeek.com\/tr\/gizlilik-politikasi\/\"]}]},{\"@type\":\"BreadcrumbList\",\"@id\":\"https:\/\/physigeek.com\/tr\/gizlilik-politikasi\/#breadcrumb\",\"itemListElement\":[{\"@type\":\"ListItem\",\"position\":1,\"name\":\"Ev\",\"item\":\"https:\/\/physigeek.com\/tr\/\"},{\"@type\":\"ListItem\",\"position\":2,\"name\":\"Gizlilik politikas\u0131\"}]},{\"@type\":\"WebSite\",\"@id\":\"https:\/\/physigeek.com\/tr\/#website\",\"url\":\"https:\/\/physigeek.com\/tr\/\",\"name\":\"Physigeek\",\"description\":\"Fizi\u011fi kolay yoldan \u00f6\u011frenin!\",\"publisher\":{\"@id\":\"https:\/\/physigeek.com\/tr\/#organization\"},\"potentialAction\":[{\"@type\":\"SearchAction\",\"target\":{\"@type\":\"EntryPoint\",\"urlTemplate\":\"https:\/\/physigeek.com\/tr\/?s={search_term_string}\"},\"query-input\":\"required name=search_term_string\"}],\"inLanguage\":\"tr\"},{\"@type\":\"Organization\",\"@id\":\"https:\/\/physigeek.com\/tr\/#organization\",\"name\":\"Physigeek\",\"url\":\"https:\/\/physigeek.com\/tr\/\",\"logo\":{\"@type\":\"ImageObject\",\"inLanguage\":\"tr\",\"@id\":\"https:\/\/physigeek.com\/tr\/#\/schema\/logo\/image\/\",\"url\":\"https:\/\/physigeek.com\/tr\/wp-content\/uploads\/2023\/10\/physigeek-logos.png\",\"contentUrl\":\"https:\/\/physigeek.com\/tr\/wp-content\/uploads\/2023\/10\/physigeek-logos.png\",\"width\":180,\"height\":42,\"caption\":\"Physigeek\"},\"image\":{\"@id\":\"https:\/\/physigeek.com\/tr\/#\/schema\/logo\/image\/\"}}]}<\/script>\n<!-- \/ Yoast SEO plugin. -->","yoast_head_json":{"title":"Gizlilik Politikas\u0131 - Physigeek","description":"Bu Gizlilik Politikas\u0131, verilerinizin toplanmas\u0131, kullan\u0131lmas\u0131 ve if\u015fa edilmesine ili\u015fkin politikalar\u0131m\u0131z\u0131 ve prosed\u00fcrlerimizi a\u00e7\u0131klamaktad\u0131r.","robots":{"index":"noindex","follow":"nofollow"},"og_locale":"tr_TR","og_type":"article","og_title":"Gizlilik Politikas\u0131 - Physigeek","og_description":"Bu Gizlilik Politikas\u0131, verilerinizin toplanmas\u0131, kullan\u0131lmas\u0131 ve if\u015fa edilmesine ili\u015fkin politikalar\u0131m\u0131z\u0131 ve prosed\u00fcrlerimizi a\u00e7\u0131klamaktad\u0131r.","og_url":"https:\/\/physigeek.com\/tr\/gizlilik-politikasi\/","article_modified_time":"2023-10-22T05:25:12+00:00","twitter_card":"summary_large_image","twitter_misc":{"Tahmini okuma s\u00fcresi":"5 dakika"},"schema":{"@context":"https:\/\/schema.org","@graph":[{"@type":"WebPage","@id":"https:\/\/physigeek.com\/tr\/gizlilik-politikasi\/","url":"https:\/\/physigeek.com\/tr\/gizlilik-politikasi\/","name":"Gizlilik Politikas\u0131 - Physigeek","isPartOf":{"@id":"https:\/\/physigeek.com\/tr\/#website"},"datePublished":"2023-09-02T06:11:27+00:00","dateModified":"2023-10-22T05:25:12+00:00","description":"Bu Gizlilik Politikas\u0131, verilerinizin toplanmas\u0131, kullan\u0131lmas\u0131 ve if\u015fa edilmesine ili\u015fkin politikalar\u0131m\u0131z\u0131 ve prosed\u00fcrlerimizi a\u00e7\u0131klamaktad\u0131r.","breadcrumb":{"@id":"https:\/\/physigeek.com\/tr\/gizlilik-politikasi\/#breadcrumb"},"inLanguage":"tr","potentialAction":[{"@type":"ReadAction","target":["https:\/\/physigeek.com\/tr\/gizlilik-politikasi\/"]}]},{"@type":"BreadcrumbList","@id":"https:\/\/physigeek.com\/tr\/gizlilik-politikasi\/#breadcrumb","itemListElement":[{"@type":"ListItem","position":1,"name":"Ev","item":"https:\/\/physigeek.com\/tr\/"},{"@type":"ListItem","position":2,"name":"Gizlilik politikas\u0131"}]},{"@type":"WebSite","@id":"https:\/\/physigeek.com\/tr\/#website","url":"https:\/\/physigeek.com\/tr\/","name":"Physigeek","description":"Fizi\u011fi kolay yoldan \u00f6\u011frenin!","publisher":{"@id":"https:\/\/physigeek.com\/tr\/#organization"},"potentialAction":[{"@type":"SearchAction","target":{"@type":"EntryPoint","urlTemplate":"https:\/\/physigeek.com\/tr\/?s={search_term_string}"},"query-input":"required name=search_term_string"}],"inLanguage":"tr"},{"@type":"Organization","@id":"https:\/\/physigeek.com\/tr\/#organization","name":"Physigeek","url":"https:\/\/physigeek.com\/tr\/","logo":{"@type":"ImageObject","inLanguage":"tr","@id":"https:\/\/physigeek.com\/tr\/#\/schema\/logo\/image\/","url":"https:\/\/physigeek.com\/tr\/wp-content\/uploads\/2023\/10\/physigeek-logos.png","contentUrl":"https:\/\/physigeek.com\/tr\/wp-content\/uploads\/2023\/10\/physigeek-logos.png","width":180,"height":42,"caption":"Physigeek"},"image":{"@id":"https:\/\/physigeek.com\/tr\/#\/schema\/logo\/image\/"}}]}},"yoast_meta":{"yoast_wpseo_title":"","yoast_wpseo_metadesc":"","yoast_wpseo_canonical":""},"_links":{"self":[{"href":"https:\/\/physigeek.com\/tr\/wp-json\/wp\/v2\/pages\/487","targetHints":{"allow":["GET"]}}],"collection":[{"href":"https:\/\/physigeek.com\/tr\/wp-json\/wp\/v2\/pages"}],"about":[{"href":"https:\/\/physigeek.com\/tr\/wp-json\/wp\/v2\/types\/page"}],"author":[{"embeddable":true,"href":"https:\/\/physigeek.com\/tr\/wp-json\/wp\/v2\/users\/1"}],"replies":[{"embeddable":true,"href":"https:\/\/physigeek.com\/tr\/wp-json\/wp\/v2\/comments?post=487"}],"version-history":[{"count":1,"href":"https:\/\/physigeek.com\/tr\/wp-json\/wp\/v2\/pages\/487\/revisions"}],"predecessor-version":[{"id":492,"href":"https:\/\/physigeek.com\/tr\/wp-json\/wp\/v2\/pages\/487\/revisions\/492"}],"wp:attachment":[{"href":"https:\/\/physigeek.com\/tr\/wp-json\/wp\/v2\/media?parent=487"}],"curies":[{"name":"wp","href":"https:\/\/api.w.org\/{rel}","templated":true}]}}