{"id":489,"date":"2023-09-02T05:35:06","date_gmt":"2023-09-02T05:35:06","guid":{"rendered":"https:\/\/physigeek.com\/pt\/sobre\/"},"modified":"2023-10-19T06:49:58","modified_gmt":"2023-10-19T06:49:58","slug":"sobre","status":"publish","type":"page","link":"https:\/\/physigeek.com\/pt\/sobre\/","title":{"rendered":"Sobre"},"content":{"rendered":"<p>Bem-vindo ao Physigeek.org. Meu nome \u00e9 Jonathan Reynolds, um estimado ex-professor de f\u00edsica e educador apaixonado.<\/p>\n<p><img loading=\"lazy\" decoding=\"async\" class=\" wp-image-997 alignleft\" src=\"https:\/\/physigeek.com\/wp-content\/uploads\/2023\/09\/Jonathan-Reynolds-300x277.jpg\" sizes=\"auto, (max-width: 271px) 100vw, 271px\" srcset=\"https:\/\/physigeek.com\/wp-content\/uploads\/2023\/09\/Jonathan-Reynolds-300x277.jpg 300w, https:\/\/physigeek.com\/wp-content\/uploads\/2023\/09\/Jonathan-Reynolds-768x709.jpg 768w, https:\/\/physigeek.com\/wp-content\/uploads\/2023\/09\/Jonathan-Reynolds.jpg 1024w\" alt=\"Jonathan Reynolds\" width=\"271\" height=\"250\" \/><\/p>\n<p>Com uma s\u00f3lida forma\u00e7\u00e3o acad\u00eamica e ampla experi\u00eancia na \u00e1rea de f\u00edsica, trago uma riqueza de conhecimento e experi\u00eancia para a reda\u00e7\u00e3o.<br \/>\nMeu compromisso em tornar conceitos cient\u00edficos complexos acess\u00edveis e envolventes \u00e9 evidente em minha abordagem \u00fanica \u00e0 educa\u00e7\u00e3o. Atrav\u00e9s deste blog procuro despertar a curiosidade e fomentar uma compreens\u00e3o profunda do universo em que habitamos.<\/p>\n<p>Bem, passei v\u00e1rias d\u00e9cadas como professor de f\u00edsica em diversas universidades, onde orientei in\u00fameros estudantes e conduzi pesquisas inovadoras. Muitos dos meus ex-alunos seguiram carreiras de sucesso na pesquisa cient\u00edfica, na academia e em v\u00e1rios setores, gra\u00e7as \u00e0 sua orienta\u00e7\u00e3o e mentoria.<\/p>\n<p>Levei minha paix\u00e3o por ensinar al\u00e9m dos limites da sala de aula tradicional. Este blog funciona como um espa\u00e7o virtual de aprendizagem, onde compartilharei meus conhecimentos com voc\u00ea, independente de onde voc\u00ea esteja. Atrav\u00e9s de uma cole\u00e7\u00e3o de artigos instigantes, explica\u00e7\u00f5es detalhadas e discuss\u00f5es interativas, compartilharei esta plataforma com mentes curiosas para mergulhar nas maravilhas do mundo natural.<\/p>\n<p>Quer voc\u00ea seja um estudante em busca de orienta\u00e7\u00e3o, um aprendiz ao longo da vida \u00e1vido por conhecimento ou simplesmente algu\u00e9m fascinado pelos mist\u00e9rios do universo, Physigeek.com ser\u00e1 um recurso valioso. O estilo de escrita envolvente, combinado com minha experi\u00eancia em dividir t\u00f3picos complexos em pe\u00e7as de f\u00e1cil digest\u00e3o, tornar\u00e1 o aprendizado de f\u00edsica uma experi\u00eancia agrad\u00e1vel e gratificante.<\/p>\n<p>Bem-vindo a bordo do emocionante mundo da educa\u00e7\u00e3o f\u00edsica!<\/p>\n","protected":false},"excerpt":{"rendered":"<p>Bem-vindo ao Physigeek.org. Meu nome \u00e9 Jonathan Reynolds, um estimado ex-professor de f\u00edsica e educador apaixonado. Com uma s\u00f3lida forma\u00e7\u00e3o acad\u00eamica e ampla experi\u00eancia na \u00e1rea de f\u00edsica, trago uma riqueza de conhecimento e experi\u00eancia para a reda\u00e7\u00e3o. Meu compromisso em tornar conceitos cient\u00edficos complexos acess\u00edveis e envolventes \u00e9 evidente em minha abordagem \u00fanica \u00e0 &hellip;<\/p>\n<p class=\"read-more\"> <a class=\"\" href=\"https:\/\/physigeek.com\/pt\/sobre\/\"> <span class=\"screen-reader-text\">Sobre<\/span> Leia mais &raquo;<\/a><\/p>\n","protected":false},"author":1,"featured_media":0,"parent":0,"menu_order":0,"comment_status":"closed","ping_status":"closed","template":"","meta":{"site-sidebar-layout":"default","site-content-layout":"","ast-site-content-layout":"default","site-content-style":"default","site-sidebar-style":"default","ast-global-header-display":"","ast-banner-title-visibility":"","ast-main-header-display":"","ast-hfb-above-header-display":"","ast-hfb-below-header-display":"","ast-hfb-mobile-header-display":"","site-post-title":"","ast-breadcrumbs-content":"","ast-featured-img":"","footer-sml-layout":"","theme-transparent-header-meta":"default","adv-header-id-meta":"","stick-header-meta":"","header-above-stick-meta":"","header-main-stick-meta":"","header-below-stick-meta":"","astra-migrate-meta-layouts":"set","footnotes":""},"class_list":["post-489","page","type-page","status-publish","hentry"],"yoast_head":"<!-- This site is optimized with the Yoast SEO plugin v21.4 - https:\/\/yoast.com\/wordpress\/plugins\/seo\/ -->\n<title>Sobre - Physigeek<\/title>\n<meta name=\"description\" content=\"Ao nos comprometermos a tornar conceitos cient\u00edficos complexos acess\u00edveis e envolventes, nos esfor\u00e7amos para despertar a curiosidade e\" \/>\n<meta name=\"robots\" content=\"index, follow, max-snippet:-1, max-image-preview:large, max-video-preview:-1\" \/>\n<link rel=\"canonical\" href=\"https:\/\/physigeek.com\/pt\/sobre\/\" \/>\n<meta property=\"og:locale\" content=\"pt_BR\" \/>\n<meta property=\"og:type\" content=\"article\" \/>\n<meta property=\"og:title\" content=\"Sobre - Physigeek\" \/>\n<meta property=\"og:description\" content=\"Ao nos comprometermos a tornar conceitos cient\u00edficos complexos acess\u00edveis e envolventes, nos esfor\u00e7amos para despertar a curiosidade e\" \/>\n<meta property=\"og:url\" content=\"https:\/\/physigeek.com\/pt\/sobre\/\" \/>\n<meta property=\"article:modified_time\" content=\"2023-10-19T06:49:58+00:00\" \/>\n<meta property=\"og:image\" content=\"https:\/\/physigeek.com\/wp-content\/uploads\/2023\/09\/Jonathan-Reynolds-300x277.jpg\" \/>\n<meta name=\"twitter:card\" content=\"summary_large_image\" \/>\n<meta name=\"twitter:label1\" content=\"Est. tempo de leitura\" \/>\n\t<meta name=\"twitter:data1\" content=\"2 minutos\" \/>\n<script type=\"application\/ld+json\" class=\"yoast-schema-graph\">{\"@context\":\"https:\/\/schema.org\",\"@graph\":[{\"@type\":\"WebPage\",\"@id\":\"https:\/\/physigeek.com\/pt\/sobre\/\",\"url\":\"https:\/\/physigeek.com\/pt\/sobre\/\",\"name\":\"Sobre - Physigeek\",\"isPartOf\":{\"@id\":\"https:\/\/physigeek.com\/pt\/#website\"},\"datePublished\":\"2023-09-02T05:35:06+00:00\",\"dateModified\":\"2023-10-19T06:49:58+00:00\",\"description\":\"Ao nos comprometermos a tornar conceitos cient\u00edficos complexos acess\u00edveis e envolventes, nos esfor\u00e7amos para despertar a curiosidade e\",\"breadcrumb\":{\"@id\":\"https:\/\/physigeek.com\/pt\/sobre\/#breadcrumb\"},\"inLanguage\":\"pt-BR\",\"potentialAction\":[{\"@type\":\"ReadAction\",\"target\":[\"https:\/\/physigeek.com\/pt\/sobre\/\"]}]},{\"@type\":\"BreadcrumbList\",\"@id\":\"https:\/\/physigeek.com\/pt\/sobre\/#breadcrumb\",\"itemListElement\":[{\"@type\":\"ListItem\",\"position\":1,\"name\":\"Lar\",\"item\":\"https:\/\/physigeek.com\/pt\/\"},{\"@type\":\"ListItem\",\"position\":2,\"name\":\"Sobre\"}]},{\"@type\":\"WebSite\",\"@id\":\"https:\/\/physigeek.com\/pt\/#website\",\"url\":\"https:\/\/physigeek.com\/pt\/\",\"name\":\"Physigeek\",\"description\":\"Aprenda f\u00edsica da maneira mais f\u00e1cil!\",\"publisher\":{\"@id\":\"https:\/\/physigeek.com\/pt\/#organization\"},\"potentialAction\":[{\"@type\":\"SearchAction\",\"target\":{\"@type\":\"EntryPoint\",\"urlTemplate\":\"https:\/\/physigeek.com\/pt\/?s={search_term_string}\"},\"query-input\":\"required name=search_term_string\"}],\"inLanguage\":\"pt-BR\"},{\"@type\":\"Organization\",\"@id\":\"https:\/\/physigeek.com\/pt\/#organization\",\"name\":\"Physigeek\",\"url\":\"https:\/\/physigeek.com\/pt\/\",\"logo\":{\"@type\":\"ImageObject\",\"inLanguage\":\"pt-BR\",\"@id\":\"https:\/\/physigeek.com\/pt\/#\/schema\/logo\/image\/\",\"url\":\"https:\/\/physigeek.com\/pt\/wp-content\/uploads\/2023\/10\/physigeek-logo.png\",\"contentUrl\":\"https:\/\/physigeek.com\/pt\/wp-content\/uploads\/2023\/10\/physigeek-logo.png\",\"width\":180,\"height\":42,\"caption\":\"Physigeek\"},\"image\":{\"@id\":\"https:\/\/physigeek.com\/pt\/#\/schema\/logo\/image\/\"}}]}<\/script>\n<!-- \/ Yoast SEO plugin. -->","yoast_head_json":{"title":"Sobre - Physigeek","description":"Ao nos comprometermos a tornar conceitos cient\u00edficos complexos acess\u00edveis e envolventes, nos esfor\u00e7amos para despertar a curiosidade e","robots":{"index":"index","follow":"follow","max-snippet":"max-snippet:-1","max-image-preview":"max-image-preview:large","max-video-preview":"max-video-preview:-1"},"canonical":"https:\/\/physigeek.com\/pt\/sobre\/","og_locale":"pt_BR","og_type":"article","og_title":"Sobre - Physigeek","og_description":"Ao nos comprometermos a tornar conceitos cient\u00edficos complexos acess\u00edveis e envolventes, nos esfor\u00e7amos para despertar a curiosidade e","og_url":"https:\/\/physigeek.com\/pt\/sobre\/","article_modified_time":"2023-10-19T06:49:58+00:00","og_image":[{"url":"https:\/\/physigeek.com\/wp-content\/uploads\/2023\/09\/Jonathan-Reynolds-300x277.jpg"}],"twitter_card":"summary_large_image","twitter_misc":{"Est. tempo de leitura":"2 minutos"},"schema":{"@context":"https:\/\/schema.org","@graph":[{"@type":"WebPage","@id":"https:\/\/physigeek.com\/pt\/sobre\/","url":"https:\/\/physigeek.com\/pt\/sobre\/","name":"Sobre - Physigeek","isPartOf":{"@id":"https:\/\/physigeek.com\/pt\/#website"},"datePublished":"2023-09-02T05:35:06+00:00","dateModified":"2023-10-19T06:49:58+00:00","description":"Ao nos comprometermos a tornar conceitos cient\u00edficos complexos acess\u00edveis e envolventes, nos esfor\u00e7amos para despertar a curiosidade e","breadcrumb":{"@id":"https:\/\/physigeek.com\/pt\/sobre\/#breadcrumb"},"inLanguage":"pt-BR","potentialAction":[{"@type":"ReadAction","target":["https:\/\/physigeek.com\/pt\/sobre\/"]}]},{"@type":"BreadcrumbList","@id":"https:\/\/physigeek.com\/pt\/sobre\/#breadcrumb","itemListElement":[{"@type":"ListItem","position":1,"name":"Lar","item":"https:\/\/physigeek.com\/pt\/"},{"@type":"ListItem","position":2,"name":"Sobre"}]},{"@type":"WebSite","@id":"https:\/\/physigeek.com\/pt\/#website","url":"https:\/\/physigeek.com\/pt\/","name":"Physigeek","description":"Aprenda f\u00edsica da maneira mais f\u00e1cil!","publisher":{"@id":"https:\/\/physigeek.com\/pt\/#organization"},"potentialAction":[{"@type":"SearchAction","target":{"@type":"EntryPoint","urlTemplate":"https:\/\/physigeek.com\/pt\/?s={search_term_string}"},"query-input":"required name=search_term_string"}],"inLanguage":"pt-BR"},{"@type":"Organization","@id":"https:\/\/physigeek.com\/pt\/#organization","name":"Physigeek","url":"https:\/\/physigeek.com\/pt\/","logo":{"@type":"ImageObject","inLanguage":"pt-BR","@id":"https:\/\/physigeek.com\/pt\/#\/schema\/logo\/image\/","url":"https:\/\/physigeek.com\/pt\/wp-content\/uploads\/2023\/10\/physigeek-logo.png","contentUrl":"https:\/\/physigeek.com\/pt\/wp-content\/uploads\/2023\/10\/physigeek-logo.png","width":180,"height":42,"caption":"Physigeek"},"image":{"@id":"https:\/\/physigeek.com\/pt\/#\/schema\/logo\/image\/"}}]}},"yoast_meta":{"yoast_wpseo_title":"","yoast_wpseo_metadesc":"","yoast_wpseo_canonical":""},"_links":{"self":[{"href":"https:\/\/physigeek.com\/pt\/wp-json\/wp\/v2\/pages\/489","targetHints":{"allow":["GET"]}}],"collection":[{"href":"https:\/\/physigeek.com\/pt\/wp-json\/wp\/v2\/pages"}],"about":[{"href":"https:\/\/physigeek.com\/pt\/wp-json\/wp\/v2\/types\/page"}],"author":[{"embeddable":true,"href":"https:\/\/physigeek.com\/pt\/wp-json\/wp\/v2\/users\/1"}],"replies":[{"embeddable":true,"href":"https:\/\/physigeek.com\/pt\/wp-json\/wp\/v2\/comments?post=489"}],"version-history":[{"count":1,"href":"https:\/\/physigeek.com\/pt\/wp-json\/wp\/v2\/pages\/489\/revisions"}],"predecessor-version":[{"id":503,"href":"https:\/\/physigeek.com\/pt\/wp-json\/wp\/v2\/pages\/489\/revisions\/503"}],"wp:attachment":[{"href":"https:\/\/physigeek.com\/pt\/wp-json\/wp\/v2\/media?parent=489"}],"curies":[{"name":"wp","href":"https:\/\/api.w.org\/{rel}","templated":true}]}}