{"id":488,"date":"2023-09-02T05:42:14","date_gmt":"2023-09-02T05:42:14","guid":{"rendered":"https:\/\/physigeek.com\/pt\/contato\/"},"modified":"2023-10-19T06:48:07","modified_gmt":"2023-10-19T06:48:07","slug":"contato","status":"publish","type":"page","link":"https:\/\/physigeek.com\/pt\/contato\/","title":{"rendered":"Contato"},"content":{"rendered":"<p>Se voc\u00ea tiver alguma d\u00favida ou coment\u00e1rio, n\u00e3o hesite em entrar em contato comigo atrav\u00e9s de qualquer um dos canais de comunica\u00e7\u00e3o fornecidos abaixo. Eu adoraria gato!<\/p>\n<p><strong>Formul\u00e1rio de contato<\/strong> : Conforme mostrado abaixo:<\/p>\n<p><iframe loading=\"lazy\" src=\"https:\/\/docs.google.com\/forms\/d\/e\/1FAIpQLSd8sT4mZmjRndQyzhKparELuH8lWz-AcBmUrF8xK2HoqPKjuA\/viewform?embedded=true\" width=\"640\" height=\"771\" frameborder=\"0\" marginwidth=\"0\" marginheight=\"0\">Loading\u2026<\/iframe><\/p>\n","protected":false},"excerpt":{"rendered":"<p>Se voc\u00ea tiver alguma d\u00favida ou coment\u00e1rio, n\u00e3o hesite em entrar em contato comigo atrav\u00e9s de qualquer um dos canais de comunica\u00e7\u00e3o fornecidos abaixo. Eu adoraria gato! Formul\u00e1rio de contato : Conforme mostrado abaixo: Loading\u2026<\/p>\n","protected":false},"author":1,"featured_media":0,"parent":0,"menu_order":0,"comment_status":"closed","ping_status":"closed","template":"","meta":{"site-sidebar-layout":"default","site-content-layout":"","ast-site-content-layout":"default","site-content-style":"default","site-sidebar-style":"default","ast-global-header-display":"","ast-banner-title-visibility":"","ast-main-header-display":"","ast-hfb-above-header-display":"","ast-hfb-below-header-display":"","ast-hfb-mobile-header-display":"","site-post-title":"","ast-breadcrumbs-content":"","ast-featured-img":"","footer-sml-layout":"","theme-transparent-header-meta":"default","adv-header-id-meta":"","stick-header-meta":"","header-above-stick-meta":"","header-main-stick-meta":"","header-below-stick-meta":"","astra-migrate-meta-layouts":"set","footnotes":""},"class_list":["post-488","page","type-page","status-publish","hentry"],"yoast_head":"<!-- This site is optimized with the Yoast SEO plugin v21.4 - https:\/\/yoast.com\/wordpress\/plugins\/seo\/ -->\n<title>Contato - Physigeek<\/title>\n<meta name=\"description\" content=\"Se voc\u00ea tiver alguma d\u00favida ou coment\u00e1rio, n\u00e3o hesite em entrar em contato comigo atrav\u00e9s de qualquer um dos canais de comunica\u00e7\u00e3o fornecidos\" \/>\n<meta name=\"robots\" content=\"index, follow, max-snippet:-1, max-image-preview:large, max-video-preview:-1\" \/>\n<link rel=\"canonical\" href=\"https:\/\/physigeek.com\/pt\/contato\/\" \/>\n<meta property=\"og:locale\" content=\"pt_BR\" \/>\n<meta property=\"og:type\" content=\"article\" \/>\n<meta property=\"og:title\" content=\"Contato - Physigeek\" \/>\n<meta property=\"og:description\" content=\"Se voc\u00ea tiver alguma d\u00favida ou coment\u00e1rio, n\u00e3o hesite em entrar em contato comigo atrav\u00e9s de qualquer um dos canais de comunica\u00e7\u00e3o fornecidos\" \/>\n<meta property=\"og:url\" content=\"https:\/\/physigeek.com\/pt\/contato\/\" \/>\n<meta property=\"article:modified_time\" content=\"2023-10-19T06:48:07+00:00\" \/>\n<meta name=\"twitter:card\" content=\"summary_large_image\" \/>\n<meta name=\"twitter:label1\" content=\"Est. tempo de leitura\" \/>\n\t<meta name=\"twitter:data1\" content=\"1 minuto\" \/>\n<script type=\"application\/ld+json\" class=\"yoast-schema-graph\">{\"@context\":\"https:\/\/schema.org\",\"@graph\":[{\"@type\":\"WebPage\",\"@id\":\"https:\/\/physigeek.com\/pt\/contato\/\",\"url\":\"https:\/\/physigeek.com\/pt\/contato\/\",\"name\":\"Contato - Physigeek\",\"isPartOf\":{\"@id\":\"https:\/\/physigeek.com\/pt\/#website\"},\"datePublished\":\"2023-09-02T05:42:14+00:00\",\"dateModified\":\"2023-10-19T06:48:07+00:00\",\"description\":\"Se voc\u00ea tiver alguma d\u00favida ou coment\u00e1rio, n\u00e3o hesite em entrar em contato comigo atrav\u00e9s de qualquer um dos canais de comunica\u00e7\u00e3o fornecidos\",\"breadcrumb\":{\"@id\":\"https:\/\/physigeek.com\/pt\/contato\/#breadcrumb\"},\"inLanguage\":\"pt-BR\",\"potentialAction\":[{\"@type\":\"ReadAction\",\"target\":[\"https:\/\/physigeek.com\/pt\/contato\/\"]}]},{\"@type\":\"BreadcrumbList\",\"@id\":\"https:\/\/physigeek.com\/pt\/contato\/#breadcrumb\",\"itemListElement\":[{\"@type\":\"ListItem\",\"position\":1,\"name\":\"Lar\",\"item\":\"https:\/\/physigeek.com\/pt\/\"},{\"@type\":\"ListItem\",\"position\":2,\"name\":\"Contato\"}]},{\"@type\":\"WebSite\",\"@id\":\"https:\/\/physigeek.com\/pt\/#website\",\"url\":\"https:\/\/physigeek.com\/pt\/\",\"name\":\"Physigeek\",\"description\":\"Aprenda f\u00edsica da maneira mais f\u00e1cil!\",\"publisher\":{\"@id\":\"https:\/\/physigeek.com\/pt\/#organization\"},\"potentialAction\":[{\"@type\":\"SearchAction\",\"target\":{\"@type\":\"EntryPoint\",\"urlTemplate\":\"https:\/\/physigeek.com\/pt\/?s={search_term_string}\"},\"query-input\":\"required name=search_term_string\"}],\"inLanguage\":\"pt-BR\"},{\"@type\":\"Organization\",\"@id\":\"https:\/\/physigeek.com\/pt\/#organization\",\"name\":\"Physigeek\",\"url\":\"https:\/\/physigeek.com\/pt\/\",\"logo\":{\"@type\":\"ImageObject\",\"inLanguage\":\"pt-BR\",\"@id\":\"https:\/\/physigeek.com\/pt\/#\/schema\/logo\/image\/\",\"url\":\"https:\/\/physigeek.com\/pt\/wp-content\/uploads\/2023\/10\/physigeek-logo.png\",\"contentUrl\":\"https:\/\/physigeek.com\/pt\/wp-content\/uploads\/2023\/10\/physigeek-logo.png\",\"width\":180,\"height\":42,\"caption\":\"Physigeek\"},\"image\":{\"@id\":\"https:\/\/physigeek.com\/pt\/#\/schema\/logo\/image\/\"}}]}<\/script>\n<!-- \/ Yoast SEO plugin. -->","yoast_head_json":{"title":"Contato - Physigeek","description":"Se voc\u00ea tiver alguma d\u00favida ou coment\u00e1rio, n\u00e3o hesite em entrar em contato comigo atrav\u00e9s de qualquer um dos canais de comunica\u00e7\u00e3o fornecidos","robots":{"index":"index","follow":"follow","max-snippet":"max-snippet:-1","max-image-preview":"max-image-preview:large","max-video-preview":"max-video-preview:-1"},"canonical":"https:\/\/physigeek.com\/pt\/contato\/","og_locale":"pt_BR","og_type":"article","og_title":"Contato - Physigeek","og_description":"Se voc\u00ea tiver alguma d\u00favida ou coment\u00e1rio, n\u00e3o hesite em entrar em contato comigo atrav\u00e9s de qualquer um dos canais de comunica\u00e7\u00e3o fornecidos","og_url":"https:\/\/physigeek.com\/pt\/contato\/","article_modified_time":"2023-10-19T06:48:07+00:00","twitter_card":"summary_large_image","twitter_misc":{"Est. tempo de leitura":"1 minuto"},"schema":{"@context":"https:\/\/schema.org","@graph":[{"@type":"WebPage","@id":"https:\/\/physigeek.com\/pt\/contato\/","url":"https:\/\/physigeek.com\/pt\/contato\/","name":"Contato - Physigeek","isPartOf":{"@id":"https:\/\/physigeek.com\/pt\/#website"},"datePublished":"2023-09-02T05:42:14+00:00","dateModified":"2023-10-19T06:48:07+00:00","description":"Se voc\u00ea tiver alguma d\u00favida ou coment\u00e1rio, n\u00e3o hesite em entrar em contato comigo atrav\u00e9s de qualquer um dos canais de comunica\u00e7\u00e3o fornecidos","breadcrumb":{"@id":"https:\/\/physigeek.com\/pt\/contato\/#breadcrumb"},"inLanguage":"pt-BR","potentialAction":[{"@type":"ReadAction","target":["https:\/\/physigeek.com\/pt\/contato\/"]}]},{"@type":"BreadcrumbList","@id":"https:\/\/physigeek.com\/pt\/contato\/#breadcrumb","itemListElement":[{"@type":"ListItem","position":1,"name":"Lar","item":"https:\/\/physigeek.com\/pt\/"},{"@type":"ListItem","position":2,"name":"Contato"}]},{"@type":"WebSite","@id":"https:\/\/physigeek.com\/pt\/#website","url":"https:\/\/physigeek.com\/pt\/","name":"Physigeek","description":"Aprenda f\u00edsica da maneira mais f\u00e1cil!","publisher":{"@id":"https:\/\/physigeek.com\/pt\/#organization"},"potentialAction":[{"@type":"SearchAction","target":{"@type":"EntryPoint","urlTemplate":"https:\/\/physigeek.com\/pt\/?s={search_term_string}"},"query-input":"required name=search_term_string"}],"inLanguage":"pt-BR"},{"@type":"Organization","@id":"https:\/\/physigeek.com\/pt\/#organization","name":"Physigeek","url":"https:\/\/physigeek.com\/pt\/","logo":{"@type":"ImageObject","inLanguage":"pt-BR","@id":"https:\/\/physigeek.com\/pt\/#\/schema\/logo\/image\/","url":"https:\/\/physigeek.com\/pt\/wp-content\/uploads\/2023\/10\/physigeek-logo.png","contentUrl":"https:\/\/physigeek.com\/pt\/wp-content\/uploads\/2023\/10\/physigeek-logo.png","width":180,"height":42,"caption":"Physigeek"},"image":{"@id":"https:\/\/physigeek.com\/pt\/#\/schema\/logo\/image\/"}}]}},"yoast_meta":{"yoast_wpseo_title":"","yoast_wpseo_metadesc":"","yoast_wpseo_canonical":""},"_links":{"self":[{"href":"https:\/\/physigeek.com\/pt\/wp-json\/wp\/v2\/pages\/488","targetHints":{"allow":["GET"]}}],"collection":[{"href":"https:\/\/physigeek.com\/pt\/wp-json\/wp\/v2\/pages"}],"about":[{"href":"https:\/\/physigeek.com\/pt\/wp-json\/wp\/v2\/types\/page"}],"author":[{"embeddable":true,"href":"https:\/\/physigeek.com\/pt\/wp-json\/wp\/v2\/users\/1"}],"replies":[{"embeddable":true,"href":"https:\/\/physigeek.com\/pt\/wp-json\/wp\/v2\/comments?post=488"}],"version-history":[{"count":1,"href":"https:\/\/physigeek.com\/pt\/wp-json\/wp\/v2\/pages\/488\/revisions"}],"predecessor-version":[{"id":502,"href":"https:\/\/physigeek.com\/pt\/wp-json\/wp\/v2\/pages\/488\/revisions\/502"}],"wp:attachment":[{"href":"https:\/\/physigeek.com\/pt\/wp-json\/wp\/v2\/media?parent=488"}],"curies":[{"name":"wp","href":"https:\/\/api.w.org\/{rel}","templated":true}]}}