{"id":487,"date":"2023-09-02T06:11:27","date_gmt":"2023-09-02T06:11:27","guid":{"rendered":"https:\/\/physigeek.com\/pt\/politica-de-privacidade\/"},"modified":"2023-10-19T06:50:12","modified_gmt":"2023-10-19T06:50:12","slug":"politica-de-privacidade","status":"publish","type":"page","link":"https:\/\/physigeek.com\/pt\/politica-de-privacidade\/","title":{"rendered":"Pol\u00edtica de privacidade"},"content":{"rendered":"<p>Esta Pol\u00edtica de Privacidade descreve nossas pol\u00edticas e procedimentos relativos \u00e0 coleta, uso e divulga\u00e7\u00e3o de suas informa\u00e7\u00f5es quando voc\u00ea visita o Site. Ao utilizar o Servi\u00e7o, voc\u00ea concorda com a coleta e uso de informa\u00e7\u00f5es de acordo com esta Pol\u00edtica de Privacidade.<\/p>\n<h2>Tipos de dados coletados<\/h2>\n<h3>Dados pessoais<\/h3>\n<p>Ao usar nosso Servi\u00e7o, podemos solicitar que voc\u00ea nos forne\u00e7a certas informa\u00e7\u00f5es de identifica\u00e7\u00e3o pessoal que podem ser usadas para contat\u00e1-lo ou identific\u00e1-lo. As informa\u00e7\u00f5es de identifica\u00e7\u00e3o pessoal podem incluir, mas n\u00e3o est\u00e3o limitadas a:<\/p>\n<ul>\n<li>Endere\u00e7o de email<\/li>\n<li>Primeiro e \u00faltimo nome<\/li>\n<li>Uso de dados<\/li>\n<\/ul>\n<h3>Uso de dados<\/h3>\n<p>Os Dados de Uso podem incluir informa\u00e7\u00f5es como o endere\u00e7o de protocolo da Internet do seu dispositivo (por exemplo, endere\u00e7o IP), tipo de navegador, vers\u00e3o do navegador, as p\u00e1ginas do nosso Servi\u00e7o que voc\u00ea visita, a hora e data da sua visita, tempo gasto nessas p\u00e1ginas, dispositivo \u00fanico. identificadores e outros dados de diagn\u00f3stico.<\/p>\n<p>Quando voc\u00ea acessa o Servi\u00e7o por meio de um dispositivo m\u00f3vel, podemos coletar automaticamente certas informa\u00e7\u00f5es, incluindo, entre outras, o tipo de dispositivo m\u00f3vel que voc\u00ea est\u00e1 usando, o identificador exclusivo do seu dispositivo m\u00f3vel, a opera\u00e7\u00e3o m\u00f3vel do seu sistema, o tipo da Internet m\u00f3vel. navegador que voc\u00ea usa, identificadores exclusivos de dispositivo e outros dados de diagn\u00f3stico.<\/p>\n<p>Tamb\u00e9m poderemos coletar informa\u00e7\u00f5es que seu navegador envia sempre que voc\u00ea visita nosso Servi\u00e7o ou quando acessa o Servi\u00e7o por meio de um dispositivo m\u00f3vel.<\/p>\n<h3>Tecnologias de rastreamento e cookies<\/h3>\n<p>Usamos cookies e tecnologias de rastreamento semelhantes para rastrear atividades em nosso Servi\u00e7o e armazenar determinadas informa\u00e7\u00f5es. As tecnologias de rastreamento utilizadas s\u00e3o tags, tags e scripts para coletar e rastrear informa\u00e7\u00f5es e para melhorar e analisar nosso Servi\u00e7o. As tecnologias que usamos podem incluir:<\/p>\n<ol>\n<li><strong>Cookies do navegador<\/strong> . Um cookie \u00e9 um pequeno arquivo colocado no seu dispositivo. Voc\u00ea pode instruir seu navegador para recusar todos os cookies ou indicar quando um cookie est\u00e1 sendo enviado. No entanto, se n\u00e3o aceitar cookies, poder\u00e1 n\u00e3o conseguir utilizar determinadas partes do nosso Servi\u00e7o.<\/li>\n<li><strong>Web beacons<\/strong> . Certas \u00e1reas do nosso Servi\u00e7o e dos nossos e-mails podem conter pequenos arquivos eletr\u00f4nicos chamados web beacons (tamb\u00e9m conhecidos como clear gifs, pixel tags e single-pixel gifs) que permitem \u00e0 Empresa, por exemplo, contar usu\u00e1rios que visitaram essas \u00e1reas. P\u00e1ginas. ou abriu um e-mail e para outras estat\u00edsticas relacionadas no site (por exemplo, registrar a popularidade de uma determinada se\u00e7\u00e3o e verificar a integridade do sistema e do servidor).<\/li>\n<\/ol>\n<p>Os cookies podem ser cookies \u201cpersistentes\u201d ou de \u201csess\u00e3o\u201d. Os cookies persistentes permanecem no seu computador pessoal ou dispositivo m\u00f3vel quando voc\u00ea sai, enquanto os cookies de sess\u00e3o s\u00e3o exclu\u00eddos assim que voc\u00ea fecha o navegador da web.<\/p>\n<h2>Utiliza\u00e7\u00e3o dos seus dados pessoais<\/h2>\n<p>A Empresa poder\u00e1 usar Dados Pessoais para os seguintes fins:<\/p>\n<p><strong>1. Para fornecer e manter nosso Servi\u00e7o<\/strong> , incluindo monitorar o uso de nosso Servi\u00e7o.<br \/>\n<strong>2. Para entrar em contato com voc\u00ea<\/strong> : entrar em contato com voc\u00ea por e-mail ou outras formas equivalentes de comunica\u00e7\u00e3o eletr\u00f4nica, como notifica\u00e7\u00f5es push de um aplicativo m\u00f3vel sobre atualiza\u00e7\u00f5es ou comunica\u00e7\u00f5es informativas relacionadas a recursos, produtos ou servi\u00e7os sob contrato, incluindo atualiza\u00e7\u00f5es de seguran\u00e7a, quando necess\u00e1rio ou razo\u00e1vel para sua implementa\u00e7\u00e3o.<br \/>\n<strong>3. Para lhe fornecer not\u00edcias<\/strong> , ofertas especiais e informa\u00e7\u00f5es gerais sobre outros bens, servi\u00e7os e eventos oferecidos por n\u00f3s que sejam semelhantes aos que voc\u00ea j\u00e1 comprou ou consultou, a menos que voc\u00ea tenha optado por n\u00e3o receber tais informa\u00e7\u00f5es.<br \/>\n<strong>4. Para gerenciar suas solicita\u00e7\u00f5es<\/strong> : Para responder e gerenciar suas solicita\u00e7\u00f5es para n\u00f3s.<br \/>\nPara transfer\u00eancias de empresas: Poderemos usar suas informa\u00e7\u00f5es para avaliar ou prosseguir com uma fus\u00e3o, aliena\u00e7\u00e3o, reestrutura\u00e7\u00e3o, reorganiza\u00e7\u00e3o, dissolu\u00e7\u00e3o ou outra venda ou transfer\u00eancia de todos ou parte de nossos ativos, seja em situa\u00e7\u00e3o de continuidade ou em conex\u00e3o com fal\u00eancia. , liquida\u00e7\u00e3o ou processo semelhante, em que os dados pessoais que mantemos sobre os usu\u00e1rios de nossos servi\u00e7os estejam entre os ativos transferidos.<br \/>\n<strong>5.<\/strong> <strong>Para outros fins<\/strong> : Poderemos usar suas informa\u00e7\u00f5es para outros fins, como an\u00e1lise de dados, identifica\u00e7\u00e3o de tend\u00eancias de uso, determina\u00e7\u00e3o da efic\u00e1cia de nossas campanhas promocionais e avalia\u00e7\u00e3o e melhoria de nossos servi\u00e7os, produtos, servi\u00e7os, marketing e sua experi\u00eancia.<\/p>\n<p><strong>Poderemos compartilhar suas informa\u00e7\u00f5es pessoais nas seguintes situa\u00e7\u00f5es:<\/strong><\/p>\n<p><strong>Com Provedores de Servi\u00e7os<\/strong> : Poderemos compartilhar suas informa\u00e7\u00f5es pessoais com Provedores de Servi\u00e7os para monitorar e analisar o uso de nosso Servi\u00e7o e para entrar em contato com voc\u00ea.<\/p>\n<p><strong>Para transfer\u00eancias de neg\u00f3cios<\/strong> : Poderemos compartilhar ou transferir suas informa\u00e7\u00f5es pessoais em conex\u00e3o com ou durante negocia\u00e7\u00f5es de qualquer fus\u00e3o, venda de ativos da empresa, financiamento ou aquisi\u00e7\u00e3o de todo ou parte de nossos neg\u00f3cios para outra empresa.<\/p>\n<p><strong>Com Afiliados<\/strong> : Poderemos compartilhar suas informa\u00e7\u00f5es com nossos afiliados e, nesse caso, exigiremos que esses afiliados respeitem esta pol\u00edtica de privacidade. Afiliadas incluem nossa controladora e quaisquer outras subsidi\u00e1rias, parceiros de joint venture ou outras empresas que controlamos ou que estejam sob controle comum conosco.<\/p>\n<p><strong>Com parceiros de neg\u00f3cios<\/strong> : podemos compartilhar suas informa\u00e7\u00f5es com nossos parceiros de neg\u00f3cios para lhe oferecer determinados produtos, servi\u00e7os ou promo\u00e7\u00f5es.<\/p>\n<h2>Conserva\u00e7\u00e3o dos seus dados pessoais<\/h2>\n<p>A Empresa reter\u00e1 os seus dados pessoais apenas durante o tempo necess\u00e1rio para os fins estabelecidos nesta pol\u00edtica de privacidade. Reteremos e utilizaremos os seus dados pessoais na medida necess\u00e1ria para cumprir as nossas obriga\u00e7\u00f5es legais (por exemplo, se formos obrigados a reter os seus dados para cumprir as leis aplic\u00e1veis), resolver disputas e fazer cumprir os nossos acordos e pol\u00edticas legais.<\/p>\n<p>A Empresa tamb\u00e9m reter\u00e1 dados de uso para fins de an\u00e1lise interna. Os Dados de Utiliza\u00e7\u00e3o s\u00e3o geralmente retidos por um per\u00edodo de tempo mais curto, exceto quando estes dados s\u00e3o utilizados para refor\u00e7ar a seguran\u00e7a ou para melhorar a funcionalidade do nosso Servi\u00e7o, ou quando somos legalmente obrigados a reter estes dados por per\u00edodos mais longos.<\/p>\n<p>O seu consentimento com esta Pol\u00edtica de Privacidade seguido do envio de tais informa\u00e7\u00f5es representa a sua concord\u00e2ncia com esta transfer\u00eancia.<\/p>\n<p>A Empresa tomar\u00e1 todas as medidas razoavelmente necess\u00e1rias para garantir que os seus dados sejam tratados de forma segura e de acordo com esta Pol\u00edtica de Privacidade e nenhuma transfer\u00eancia dos seus dados pessoais ocorrer\u00e1 para uma organiza\u00e7\u00e3o ou pa\u00eds, a menos que controles adequados sejam implementados. est\u00e3o em vigor, incluindo a seguran\u00e7a dos Seus dados e outras informa\u00e7\u00f5es pessoais.<\/p>\n<h2>Divulga\u00e7\u00e3o dos seus dados pessoais<\/h2>\n<h3>Transa\u00e7\u00f5es comerciais<\/h3>\n<p>Se a Empresa estiver envolvida em uma fus\u00e3o, aquisi\u00e7\u00e3o ou venda de ativos, seus dados pessoais poder\u00e3o ser transferidos. Iremos notific\u00e1-lo antes que os seus dados pessoais sejam transferidos e fiquem sujeitos a uma pol\u00edtica de privacidade diferente.<\/p>\n<h3>aplica\u00e7\u00e3o da lei<\/h3>\n<p>Em determinadas circunst\u00e2ncias, a Empresa poder\u00e1 ser obrigada a divulgar os seus dados pessoais se tal for exigido por lei ou em resposta a pedidos v\u00e1lidos de autoridades p\u00fablicas (por exemplo, um tribunal ou ag\u00eancia governamental).<\/p>\n<h3>Outros requisitos legais<\/h3>\n<p>A Empresa pode divulgar seus dados pessoais acreditando de boa f\u00e9 que tal a\u00e7\u00e3o \u00e9 necess\u00e1ria para:<\/p>\n<ul>\n<li>Cumprir uma obriga\u00e7\u00e3o legal<\/li>\n<li>Proteger e defender os direitos ou propriedade da Empresa<\/li>\n<li>Prevenir ou investigar poss\u00edveis irregularidades relacionadas ao Servi\u00e7o<\/li>\n<li>Proteger a seguran\u00e7a pessoal dos Usu\u00e1rios do Servi\u00e7o ou do p\u00fablico<\/li>\n<li>Proteja-se contra responsabilidade legal<\/li>\n<\/ul>\n<h2>Seguran\u00e7a dos seus dados pessoais<\/h2>\n<p>A seguran\u00e7a das suas Informa\u00e7\u00f5es Pessoais \u00e9 importante para n\u00f3s, mas lembre-se de que nenhum m\u00e9todo de transmiss\u00e3o pela Internet, ou m\u00e9todo de armazenamento eletr\u00f4nico, \u00e9 100% seguro. Embora nos esforcemos para utilizar meios comercialmente aceit\u00e1veis para proteger as suas informa\u00e7\u00f5es pessoais, n\u00e3o podemos garantir a sua seguran\u00e7a absoluta.<\/p>\n<h3>Privacidade das crian\u00e7as<\/h3>\n<p>Nosso servi\u00e7o n\u00e3o se destina a menores de 13 anos. N\u00e3o coletamos intencionalmente nenhuma informa\u00e7\u00e3o de identifica\u00e7\u00e3o pessoal de ningu\u00e9m com menos de 13 anos. Se voc\u00ea \u00e9 pai ou respons\u00e1vel e est\u00e1 ciente de que seu filho nos forneceu dados pessoais , Por favor, entre em contato conosco.<\/p>\n<p>Se soubermos que coletamos informa\u00e7\u00f5es pessoais de qualquer pessoa com menos de 13 anos sem verifica\u00e7\u00e3o do consentimento dos pais, tomaremos medidas para excluir essas informa\u00e7\u00f5es de nossos servidores.<\/p>\n<p>Se precisarmos confiar no consentimento como base legal para processar suas informa\u00e7\u00f5es e seu pa\u00eds exigir o consentimento dos pais, poderemos exigir o consentimento dos seus pais antes de coletar e usar essas informa\u00e7\u00f5es.<\/p>\n<h2>Links para outros sites<\/h2>\n<p>Nosso Servi\u00e7o pode conter links para outros sites que n\u00e3o s\u00e3o operados por N\u00f3s. Se voc\u00ea clicar em um link de terceiros, voc\u00ea ser\u00e1 direcionado para o site desse terceiro. Aconselhamos vivamente que reveja a pol\u00edtica de privacidade de cada site que visita.<\/p>\n<p>N\u00e3o temos controle e n\u00e3o assumimos responsabilidade pelo conte\u00fado, pol\u00edticas de privacidade ou pr\u00e1ticas de sites ou servi\u00e7os de terceiros.<\/p>\n<p><strong>Altera\u00e7\u00f5es nesta pol\u00edtica de privacidade<\/strong><\/p>\n<p>Poderemos atualizar nossa pol\u00edtica de privacidade de tempos em tempos. Iremos notific\u00e1-lo sobre quaisquer altera\u00e7\u00f5es publicando a nova pol\u00edtica de privacidade nesta p\u00e1gina.<\/p>\n<h2>Contate-nos<\/h2>\n<p>Se tiver alguma d\u00favida sobre esta pol\u00edtica de privacidade, pode contactar-nos:<\/p>\n<ul>\n<li>Visitando esta p\u00e1gina do nosso site: <a href=\"https:\/\/physigeek.com\/pt\/contato\/\">https:\/\/physigeek.com\/contact\/<\/a><\/li>\n<\/ul>\n","protected":false},"excerpt":{"rendered":"<p>Esta Pol\u00edtica de Privacidade descreve nossas pol\u00edticas e procedimentos relativos \u00e0 coleta, uso e divulga\u00e7\u00e3o de suas informa\u00e7\u00f5es quando voc\u00ea visita o Site. Ao utilizar o Servi\u00e7o, voc\u00ea concorda com a coleta e uso de informa\u00e7\u00f5es de acordo com esta Pol\u00edtica de Privacidade. Tipos de dados coletados Dados pessoais Ao usar nosso Servi\u00e7o, podemos solicitar &hellip;<\/p>\n<p class=\"read-more\"> <a class=\"\" href=\"https:\/\/physigeek.com\/pt\/politica-de-privacidade\/\"> <span class=\"screen-reader-text\">Pol\u00edtica de privacidade<\/span> Leia mais &raquo;<\/a><\/p>\n","protected":false},"author":1,"featured_media":0,"parent":0,"menu_order":0,"comment_status":"closed","ping_status":"closed","template":"","meta":{"site-sidebar-layout":"default","site-content-layout":"","ast-site-content-layout":"default","site-content-style":"default","site-sidebar-style":"default","ast-global-header-display":"","ast-banner-title-visibility":"","ast-main-header-display":"","ast-hfb-above-header-display":"","ast-hfb-below-header-display":"","ast-hfb-mobile-header-display":"","site-post-title":"","ast-breadcrumbs-content":"","ast-featured-img":"","footer-sml-layout":"","theme-transparent-header-meta":"default","adv-header-id-meta":"","stick-header-meta":"","header-above-stick-meta":"","header-main-stick-meta":"","header-below-stick-meta":"","astra-migrate-meta-layouts":"set","footnotes":""},"class_list":["post-487","page","type-page","status-publish","hentry"],"yoast_head":"<!-- This site is optimized with the Yoast SEO plugin v21.4 - https:\/\/yoast.com\/wordpress\/plugins\/seo\/ -->\n<title>Pol\u00edtica de Privacidade - Physigeek<\/title>\n<meta name=\"description\" content=\"Esta Pol\u00edtica de Privacidade descreve nossas pol\u00edticas e procedimentos relativos \u00e0 coleta, uso e divulga\u00e7\u00e3o de seus\" \/>\n<meta name=\"robots\" content=\"noindex, nofollow\" \/>\n<meta property=\"og:locale\" content=\"pt_BR\" \/>\n<meta property=\"og:type\" content=\"article\" \/>\n<meta property=\"og:title\" content=\"Pol\u00edtica de Privacidade - Physigeek\" \/>\n<meta property=\"og:description\" content=\"Esta Pol\u00edtica de Privacidade descreve nossas pol\u00edticas e procedimentos relativos \u00e0 coleta, uso e divulga\u00e7\u00e3o de seus\" \/>\n<meta property=\"og:url\" content=\"https:\/\/physigeek.com\/pt\/politica-de-privacidade\/\" \/>\n<meta property=\"article:modified_time\" content=\"2023-10-19T06:50:12+00:00\" \/>\n<meta name=\"twitter:card\" content=\"summary_large_image\" \/>\n<meta name=\"twitter:label1\" content=\"Est. tempo de leitura\" \/>\n\t<meta name=\"twitter:data1\" content=\"7 minutos\" \/>\n<script type=\"application\/ld+json\" class=\"yoast-schema-graph\">{\"@context\":\"https:\/\/schema.org\",\"@graph\":[{\"@type\":\"WebPage\",\"@id\":\"https:\/\/physigeek.com\/pt\/politica-de-privacidade\/\",\"url\":\"https:\/\/physigeek.com\/pt\/politica-de-privacidade\/\",\"name\":\"Pol\u00edtica de Privacidade - Physigeek\",\"isPartOf\":{\"@id\":\"https:\/\/physigeek.com\/pt\/#website\"},\"datePublished\":\"2023-09-02T06:11:27+00:00\",\"dateModified\":\"2023-10-19T06:50:12+00:00\",\"description\":\"Esta Pol\u00edtica de Privacidade descreve nossas pol\u00edticas e procedimentos relativos \u00e0 coleta, uso e divulga\u00e7\u00e3o de seus\",\"breadcrumb\":{\"@id\":\"https:\/\/physigeek.com\/pt\/politica-de-privacidade\/#breadcrumb\"},\"inLanguage\":\"pt-BR\",\"potentialAction\":[{\"@type\":\"ReadAction\",\"target\":[\"https:\/\/physigeek.com\/pt\/politica-de-privacidade\/\"]}]},{\"@type\":\"BreadcrumbList\",\"@id\":\"https:\/\/physigeek.com\/pt\/politica-de-privacidade\/#breadcrumb\",\"itemListElement\":[{\"@type\":\"ListItem\",\"position\":1,\"name\":\"Lar\",\"item\":\"https:\/\/physigeek.com\/pt\/\"},{\"@type\":\"ListItem\",\"position\":2,\"name\":\"Pol\u00edtica de privacidade\"}]},{\"@type\":\"WebSite\",\"@id\":\"https:\/\/physigeek.com\/pt\/#website\",\"url\":\"https:\/\/physigeek.com\/pt\/\",\"name\":\"Physigeek\",\"description\":\"Aprenda f\u00edsica da maneira mais f\u00e1cil!\",\"publisher\":{\"@id\":\"https:\/\/physigeek.com\/pt\/#organization\"},\"potentialAction\":[{\"@type\":\"SearchAction\",\"target\":{\"@type\":\"EntryPoint\",\"urlTemplate\":\"https:\/\/physigeek.com\/pt\/?s={search_term_string}\"},\"query-input\":\"required name=search_term_string\"}],\"inLanguage\":\"pt-BR\"},{\"@type\":\"Organization\",\"@id\":\"https:\/\/physigeek.com\/pt\/#organization\",\"name\":\"Physigeek\",\"url\":\"https:\/\/physigeek.com\/pt\/\",\"logo\":{\"@type\":\"ImageObject\",\"inLanguage\":\"pt-BR\",\"@id\":\"https:\/\/physigeek.com\/pt\/#\/schema\/logo\/image\/\",\"url\":\"https:\/\/physigeek.com\/pt\/wp-content\/uploads\/2023\/10\/physigeek-logo.png\",\"contentUrl\":\"https:\/\/physigeek.com\/pt\/wp-content\/uploads\/2023\/10\/physigeek-logo.png\",\"width\":180,\"height\":42,\"caption\":\"Physigeek\"},\"image\":{\"@id\":\"https:\/\/physigeek.com\/pt\/#\/schema\/logo\/image\/\"}}]}<\/script>\n<!-- \/ Yoast SEO plugin. -->","yoast_head_json":{"title":"Pol\u00edtica de Privacidade - Physigeek","description":"Esta Pol\u00edtica de Privacidade descreve nossas pol\u00edticas e procedimentos relativos \u00e0 coleta, uso e divulga\u00e7\u00e3o de seus","robots":{"index":"noindex","follow":"nofollow"},"og_locale":"pt_BR","og_type":"article","og_title":"Pol\u00edtica de Privacidade - Physigeek","og_description":"Esta Pol\u00edtica de Privacidade descreve nossas pol\u00edticas e procedimentos relativos \u00e0 coleta, uso e divulga\u00e7\u00e3o de seus","og_url":"https:\/\/physigeek.com\/pt\/politica-de-privacidade\/","article_modified_time":"2023-10-19T06:50:12+00:00","twitter_card":"summary_large_image","twitter_misc":{"Est. tempo de leitura":"7 minutos"},"schema":{"@context":"https:\/\/schema.org","@graph":[{"@type":"WebPage","@id":"https:\/\/physigeek.com\/pt\/politica-de-privacidade\/","url":"https:\/\/physigeek.com\/pt\/politica-de-privacidade\/","name":"Pol\u00edtica de Privacidade - Physigeek","isPartOf":{"@id":"https:\/\/physigeek.com\/pt\/#website"},"datePublished":"2023-09-02T06:11:27+00:00","dateModified":"2023-10-19T06:50:12+00:00","description":"Esta Pol\u00edtica de Privacidade descreve nossas pol\u00edticas e procedimentos relativos \u00e0 coleta, uso e divulga\u00e7\u00e3o de seus","breadcrumb":{"@id":"https:\/\/physigeek.com\/pt\/politica-de-privacidade\/#breadcrumb"},"inLanguage":"pt-BR","potentialAction":[{"@type":"ReadAction","target":["https:\/\/physigeek.com\/pt\/politica-de-privacidade\/"]}]},{"@type":"BreadcrumbList","@id":"https:\/\/physigeek.com\/pt\/politica-de-privacidade\/#breadcrumb","itemListElement":[{"@type":"ListItem","position":1,"name":"Lar","item":"https:\/\/physigeek.com\/pt\/"},{"@type":"ListItem","position":2,"name":"Pol\u00edtica de privacidade"}]},{"@type":"WebSite","@id":"https:\/\/physigeek.com\/pt\/#website","url":"https:\/\/physigeek.com\/pt\/","name":"Physigeek","description":"Aprenda f\u00edsica da maneira mais f\u00e1cil!","publisher":{"@id":"https:\/\/physigeek.com\/pt\/#organization"},"potentialAction":[{"@type":"SearchAction","target":{"@type":"EntryPoint","urlTemplate":"https:\/\/physigeek.com\/pt\/?s={search_term_string}"},"query-input":"required name=search_term_string"}],"inLanguage":"pt-BR"},{"@type":"Organization","@id":"https:\/\/physigeek.com\/pt\/#organization","name":"Physigeek","url":"https:\/\/physigeek.com\/pt\/","logo":{"@type":"ImageObject","inLanguage":"pt-BR","@id":"https:\/\/physigeek.com\/pt\/#\/schema\/logo\/image\/","url":"https:\/\/physigeek.com\/pt\/wp-content\/uploads\/2023\/10\/physigeek-logo.png","contentUrl":"https:\/\/physigeek.com\/pt\/wp-content\/uploads\/2023\/10\/physigeek-logo.png","width":180,"height":42,"caption":"Physigeek"},"image":{"@id":"https:\/\/physigeek.com\/pt\/#\/schema\/logo\/image\/"}}]}},"yoast_meta":{"yoast_wpseo_title":"","yoast_wpseo_metadesc":"","yoast_wpseo_canonical":""},"_links":{"self":[{"href":"https:\/\/physigeek.com\/pt\/wp-json\/wp\/v2\/pages\/487","targetHints":{"allow":["GET"]}}],"collection":[{"href":"https:\/\/physigeek.com\/pt\/wp-json\/wp\/v2\/pages"}],"about":[{"href":"https:\/\/physigeek.com\/pt\/wp-json\/wp\/v2\/types\/page"}],"author":[{"embeddable":true,"href":"https:\/\/physigeek.com\/pt\/wp-json\/wp\/v2\/users\/1"}],"replies":[{"embeddable":true,"href":"https:\/\/physigeek.com\/pt\/wp-json\/wp\/v2\/comments?post=487"}],"version-history":[{"count":1,"href":"https:\/\/physigeek.com\/pt\/wp-json\/wp\/v2\/pages\/487\/revisions"}],"predecessor-version":[{"id":504,"href":"https:\/\/physigeek.com\/pt\/wp-json\/wp\/v2\/pages\/487\/revisions\/504"}],"wp:attachment":[{"href":"https:\/\/physigeek.com\/pt\/wp-json\/wp\/v2\/media?parent=487"}],"curies":[{"name":"wp","href":"https:\/\/api.w.org\/{rel}","templated":true}]}}