{"id":489,"date":"2023-09-02T05:35:06","date_gmt":"2023-09-02T05:35:06","guid":{"rendered":"https:\/\/physigeek.com\/de\/um\/"},"modified":"2023-10-17T07:13:48","modified_gmt":"2023-10-17T07:13:48","slug":"uber-uns","status":"publish","type":"page","link":"https:\/\/physigeek.com\/de\/uber-uns\/","title":{"rendered":"\u00dcber uns"},"content":{"rendered":"<p>Willkommen bei Physigeek.org. Mein Name ist Jonathan Reynolds, ein gesch\u00e4tzter ehemaliger Physikprofessor und leidenschaftlicher P\u00e4dagoge.<\/p>\n<p><img decoding=\"async\" loading=\"lazy\" class=\" wp-image-997 alignleft\" src=\"https:\/\/physigeek.com\/wp-content\/uploads\/2023\/09\/Jonathan-Reynolds-300x277.jpg\" sizes=\"(max-width: 271px) 100vw, 271px\" srcset=\"https:\/\/physigeek.com\/wp-content\/uploads\/2023\/09\/Jonathan-Reynolds-300x277.jpg 300w, https:\/\/physigeek.com\/wp-content\/uploads\/2023\/09\/Jonathan-Reynolds-768x709.jpg 768w, https:\/\/physigeek.com\/wp-content\/uploads\/2023\/09\/Jonathan-Reynolds.jpg 1024w\" alt=\"Jonathan Reynolds\" width=\"271\" height=\"250\" \/><\/p>\n<p>Mit einem starken akademischen Hintergrund und umfangreicher Erfahrung auf dem Gebiet der Physik bringe ich eine F\u00fclle von Wissen und Fachwissen in das Schreiben ein.<br \/>\nMein Engagement, komplexe wissenschaftliche Konzepte zug\u00e4nglich und ansprechend zu machen, zeigt sich in meinem einzigartigen Bildungsansatz. Mit diesem Blog m\u00f6chte ich Neugier wecken und ein tiefes Verst\u00e4ndnis f\u00fcr das Universum, in dem wir leben, f\u00f6rdern.<\/p>\n<p>Nun, ich war mehrere Jahrzehnte als Physikprofessor an mehreren Universit\u00e4ten t\u00e4tig, wo ich unz\u00e4hlige Studenten betreute und bahnbrechende Forschungen durchf\u00fchrte. Viele meiner ehemaligen Studenten haben dank seiner Anleitung und Mentorschaft erfolgreiche Karrieren in der wissenschaftlichen Forschung, im akademischen Bereich und in verschiedenen Branchen eingeschlagen.<\/p>\n<p>Ich habe meine Leidenschaft f\u00fcr das Unterrichten \u00fcber die Grenzen des traditionellen Klassenzimmers hinaus ausgedehnt. Dieser Blog dient als virtueller Lernraum, in dem ich mein Fachwissen mit Ihnen teile, unabh\u00e4ngig davon, wo Sie sich befinden. Durch eine Sammlung zum Nachdenken anregender Artikel, detaillierter Erkl\u00e4rungen und interaktiver Diskussionen werde ich diese Plattform mit neugierigen K\u00f6pfen teilen, um in die Wunder der nat\u00fcrlichen Welt einzutauchen.<\/p>\n<p>Ganz gleich, ob Sie ein Student sind, der Rat sucht, ein lebenslang Lernender, der wissensdurstig ist, oder einfach jemand, der von den Geheimnissen des Universums fasziniert ist, Physigeek.com wird eine wertvolle Ressource sein. Der ansprechende Schreibstil, kombiniert mit meiner Expertise darin, komplexe Themen in leicht verdauliche Teile zu zerlegen, wird das Erlernen der Physik zu einer angenehmen und lohnenden Erfahrung machen.<\/p>\n<p>Willkommen an Bord der aufregenden Welt des Physikunterrichts!<\/p>\n","protected":false},"excerpt":{"rendered":"<p>Willkommen bei Physigeek.org. Mein Name ist Jonathan Reynolds, ein gesch\u00e4tzter ehemaliger Physikprofessor und leidenschaftlicher P\u00e4dagoge. Mit einem starken akademischen Hintergrund und umfangreicher Erfahrung auf dem Gebiet der Physik bringe ich eine F\u00fclle von Wissen und Fachwissen in das Schreiben ein. Mein Engagement, komplexe wissenschaftliche Konzepte zug\u00e4nglich und ansprechend zu machen, zeigt sich in meinem einzigartigen &hellip;<\/p>\n<p class=\"read-more\"> <a class=\"\" href=\"https:\/\/physigeek.com\/de\/uber-uns\/\"> <span class=\"screen-reader-text\">\u00dcber uns<\/span> Mehr lesen &quot;<\/a><\/p>\n","protected":false},"author":1,"featured_media":0,"parent":0,"menu_order":0,"comment_status":"closed","ping_status":"closed","template":"","meta":{"site-sidebar-layout":"default","site-content-layout":"","ast-site-content-layout":"default","site-content-style":"default","site-sidebar-style":"default","ast-global-header-display":"","ast-banner-title-visibility":"","ast-main-header-display":"","ast-hfb-above-header-display":"","ast-hfb-below-header-display":"","ast-hfb-mobile-header-display":"","site-post-title":"","ast-breadcrumbs-content":"","ast-featured-img":"","footer-sml-layout":"","theme-transparent-header-meta":"default","adv-header-id-meta":"","stick-header-meta":"","header-above-stick-meta":"","header-main-stick-meta":"","header-below-stick-meta":"","astra-migrate-meta-layouts":"set","footnotes":""},"yoast_head":"<!-- This site is optimized with the Yoast SEO plugin v21.3 - https:\/\/yoast.com\/wordpress\/plugins\/seo\/ -->\n<title>\u00dcber uns - Physigeek<\/title>\n<meta name=\"description\" content=\"Indem wir uns daf\u00fcr einsetzen, komplexe wissenschaftliche Konzepte zug\u00e4nglich und ansprechend zu machen, streben wir danach, Neugier und\" \/>\n<meta name=\"robots\" content=\"index, follow, max-snippet:-1, max-image-preview:large, max-video-preview:-1\" \/>\n<link rel=\"canonical\" href=\"https:\/\/physigeek.com\/de\/uber-uns\/\" \/>\n<meta property=\"og:locale\" content=\"de_DE\" \/>\n<meta property=\"og:type\" content=\"article\" \/>\n<meta property=\"og:title\" content=\"\u00dcber uns - Physigeek\" \/>\n<meta property=\"og:description\" content=\"Indem wir uns daf\u00fcr einsetzen, komplexe wissenschaftliche Konzepte zug\u00e4nglich und ansprechend zu machen, streben wir danach, Neugier und\" \/>\n<meta property=\"og:url\" content=\"https:\/\/physigeek.com\/de\/uber-uns\/\" \/>\n<meta property=\"article:modified_time\" content=\"2023-10-17T07:13:48+00:00\" \/>\n<meta property=\"og:image\" content=\"https:\/\/physigeek.com\/wp-content\/uploads\/2023\/09\/Jonathan-Reynolds-300x277.jpg\" \/>\n<meta name=\"twitter:card\" content=\"summary_large_image\" \/>\n<meta name=\"twitter:label1\" content=\"Est. reading time\" \/>\n\t<meta name=\"twitter:data1\" content=\"2 Minuten\" \/>\n<script type=\"application\/ld+json\" class=\"yoast-schema-graph\">{\"@context\":\"https:\/\/schema.org\",\"@graph\":[{\"@type\":\"WebPage\",\"@id\":\"https:\/\/physigeek.com\/de\/uber-uns\/\",\"url\":\"https:\/\/physigeek.com\/de\/uber-uns\/\",\"name\":\"\u00dcber uns - Physigeek\",\"isPartOf\":{\"@id\":\"https:\/\/physigeek.com\/de\/#website\"},\"datePublished\":\"2023-09-02T05:35:06+00:00\",\"dateModified\":\"2023-10-17T07:13:48+00:00\",\"description\":\"Indem wir uns daf\u00fcr einsetzen, komplexe wissenschaftliche Konzepte zug\u00e4nglich und ansprechend zu machen, streben wir danach, Neugier und\",\"breadcrumb\":{\"@id\":\"https:\/\/physigeek.com\/de\/uber-uns\/#breadcrumb\"},\"inLanguage\":\"de-DE\",\"potentialAction\":[{\"@type\":\"ReadAction\",\"target\":[\"https:\/\/physigeek.com\/de\/uber-uns\/\"]}]},{\"@type\":\"BreadcrumbList\",\"@id\":\"https:\/\/physigeek.com\/de\/uber-uns\/#breadcrumb\",\"itemListElement\":[{\"@type\":\"ListItem\",\"position\":1,\"name\":\"Home\",\"item\":\"https:\/\/physigeek.com\/de\/\"},{\"@type\":\"ListItem\",\"position\":2,\"name\":\"\u00dcber uns\"}]},{\"@type\":\"WebSite\",\"@id\":\"https:\/\/physigeek.com\/de\/#website\",\"url\":\"https:\/\/physigeek.com\/de\/\",\"name\":\"Physigeek\",\"description\":\"Lernen Sie Physik auf die einfache Art!\",\"publisher\":{\"@id\":\"https:\/\/physigeek.com\/de\/#organization\"},\"potentialAction\":[{\"@type\":\"SearchAction\",\"target\":{\"@type\":\"EntryPoint\",\"urlTemplate\":\"https:\/\/physigeek.com\/de\/?s={search_term_string}\"},\"query-input\":\"required name=search_term_string\"}],\"inLanguage\":\"de-DE\"},{\"@type\":\"Organization\",\"@id\":\"https:\/\/physigeek.com\/de\/#organization\",\"name\":\"Physigeek\",\"url\":\"https:\/\/physigeek.com\/de\/\",\"logo\":{\"@type\":\"ImageObject\",\"inLanguage\":\"de-DE\",\"@id\":\"https:\/\/physigeek.com\/de\/#\/schema\/logo\/image\/\",\"url\":\"https:\/\/physigeek.com\/de\/wp-content\/uploads\/2023\/10\/physigeek-logo.png\",\"contentUrl\":\"https:\/\/physigeek.com\/de\/wp-content\/uploads\/2023\/10\/physigeek-logo.png\",\"width\":180,\"height\":42,\"caption\":\"Physigeek\"},\"image\":{\"@id\":\"https:\/\/physigeek.com\/de\/#\/schema\/logo\/image\/\"}}]}<\/script>\n<!-- \/ Yoast SEO plugin. -->","yoast_head_json":{"title":"\u00dcber uns - Physigeek","description":"Indem wir uns daf\u00fcr einsetzen, komplexe wissenschaftliche Konzepte zug\u00e4nglich und ansprechend zu machen, streben wir danach, Neugier und","robots":{"index":"index","follow":"follow","max-snippet":"max-snippet:-1","max-image-preview":"max-image-preview:large","max-video-preview":"max-video-preview:-1"},"canonical":"https:\/\/physigeek.com\/de\/uber-uns\/","og_locale":"de_DE","og_type":"article","og_title":"\u00dcber uns - Physigeek","og_description":"Indem wir uns daf\u00fcr einsetzen, komplexe wissenschaftliche Konzepte zug\u00e4nglich und ansprechend zu machen, streben wir danach, Neugier und","og_url":"https:\/\/physigeek.com\/de\/uber-uns\/","article_modified_time":"2023-10-17T07:13:48+00:00","og_image":[{"url":"https:\/\/physigeek.com\/wp-content\/uploads\/2023\/09\/Jonathan-Reynolds-300x277.jpg"}],"twitter_card":"summary_large_image","twitter_misc":{"Est. reading time":"2 Minuten"},"schema":{"@context":"https:\/\/schema.org","@graph":[{"@type":"WebPage","@id":"https:\/\/physigeek.com\/de\/uber-uns\/","url":"https:\/\/physigeek.com\/de\/uber-uns\/","name":"\u00dcber uns - Physigeek","isPartOf":{"@id":"https:\/\/physigeek.com\/de\/#website"},"datePublished":"2023-09-02T05:35:06+00:00","dateModified":"2023-10-17T07:13:48+00:00","description":"Indem wir uns daf\u00fcr einsetzen, komplexe wissenschaftliche Konzepte zug\u00e4nglich und ansprechend zu machen, streben wir danach, Neugier und","breadcrumb":{"@id":"https:\/\/physigeek.com\/de\/uber-uns\/#breadcrumb"},"inLanguage":"de-DE","potentialAction":[{"@type":"ReadAction","target":["https:\/\/physigeek.com\/de\/uber-uns\/"]}]},{"@type":"BreadcrumbList","@id":"https:\/\/physigeek.com\/de\/uber-uns\/#breadcrumb","itemListElement":[{"@type":"ListItem","position":1,"name":"Home","item":"https:\/\/physigeek.com\/de\/"},{"@type":"ListItem","position":2,"name":"\u00dcber uns"}]},{"@type":"WebSite","@id":"https:\/\/physigeek.com\/de\/#website","url":"https:\/\/physigeek.com\/de\/","name":"Physigeek","description":"Lernen Sie Physik auf die einfache Art!","publisher":{"@id":"https:\/\/physigeek.com\/de\/#organization"},"potentialAction":[{"@type":"SearchAction","target":{"@type":"EntryPoint","urlTemplate":"https:\/\/physigeek.com\/de\/?s={search_term_string}"},"query-input":"required name=search_term_string"}],"inLanguage":"de-DE"},{"@type":"Organization","@id":"https:\/\/physigeek.com\/de\/#organization","name":"Physigeek","url":"https:\/\/physigeek.com\/de\/","logo":{"@type":"ImageObject","inLanguage":"de-DE","@id":"https:\/\/physigeek.com\/de\/#\/schema\/logo\/image\/","url":"https:\/\/physigeek.com\/de\/wp-content\/uploads\/2023\/10\/physigeek-logo.png","contentUrl":"https:\/\/physigeek.com\/de\/wp-content\/uploads\/2023\/10\/physigeek-logo.png","width":180,"height":42,"caption":"Physigeek"},"image":{"@id":"https:\/\/physigeek.com\/de\/#\/schema\/logo\/image\/"}}]}},"yoast_meta":{"yoast_wpseo_title":"","yoast_wpseo_metadesc":"","yoast_wpseo_canonical":""},"_links":{"self":[{"href":"https:\/\/physigeek.com\/de\/wp-json\/wp\/v2\/pages\/489"}],"collection":[{"href":"https:\/\/physigeek.com\/de\/wp-json\/wp\/v2\/pages"}],"about":[{"href":"https:\/\/physigeek.com\/de\/wp-json\/wp\/v2\/types\/page"}],"author":[{"embeddable":true,"href":"https:\/\/physigeek.com\/de\/wp-json\/wp\/v2\/users\/1"}],"replies":[{"embeddable":true,"href":"https:\/\/physigeek.com\/de\/wp-json\/wp\/v2\/comments?post=489"}],"version-history":[{"count":1,"href":"https:\/\/physigeek.com\/de\/wp-json\/wp\/v2\/pages\/489\/revisions"}],"predecessor-version":[{"id":491,"href":"https:\/\/physigeek.com\/de\/wp-json\/wp\/v2\/pages\/489\/revisions\/491"}],"wp:attachment":[{"href":"https:\/\/physigeek.com\/de\/wp-json\/wp\/v2\/media?parent=489"}],"curies":[{"name":"wp","href":"https:\/\/api.w.org\/{rel}","templated":true}]}}