{"id":488,"date":"2023-10-16T05:42:14","date_gmt":"2023-10-16T05:42:14","guid":{"rendered":"https:\/\/physigeek.com\/de\/kontakt\/"},"modified":"2023-10-17T06:55:55","modified_gmt":"2023-10-17T06:55:55","slug":"kontakt","status":"publish","type":"page","link":"https:\/\/physigeek.com\/de\/kontakt\/","title":{"rendered":"Kontakt"},"content":{"rendered":"<p>Wenn Sie Fragen oder Anmerkungen haben, z\u00f6gern Sie bitte nicht, mich \u00fcber einen der unten angegebenen Kommunikationskan\u00e4le zu kontaktieren. Ich w\u00fcrde gerne eine Katze haben!<\/p>\n<p><strong>Kontaktformular<\/strong> : Wie unten gezeigt:<\/p>\n<div id=\"wpforms-1003\" class=\"wpforms-container wpforms-container-full wpforms-render-modern\">\n<form id=\"wpforms-form-1003\" class=\"wpforms-validate wpforms-form wpforms-ajax-form\" action=\"\/wp-json\/wp\/v2\/pages?per_page=25&amp;page=1&amp;randomeText=1697115672947\" enctype=\"multipart\/form-data\" method=\"post\" data-formid=\"1003\" data-token=\"3f3039d8a30071ee7cd8f20e0e63e75d\"><noscript class=\"wpforms-error-noscript\"> Bitte aktivieren Sie JavaScript in Ihrem Browser, um dieses Formular auszuf\u00fcllen.<\/noscript><\/p>\n<div id=\"wpforms-error-noscript\" class=\"wpforms-hidden\">Bitte aktivieren Sie JavaScript in Ihrem Browser, um dieses Formular auszuf\u00fcllen.<\/div>\n<div><iframe loading=\"lazy\" src=\"https:\/\/docs.google.com\/forms\/d\/e\/1FAIpQLSfp44XYhlU314diriV8X1fpZTOGQ4L1MJzbNS_cARyhWJlvjw\/viewform?embedded=true\" width=\"640\" height=\"778\" frameborder=\"0\" marginwidth=\"0\" marginheight=\"0\">Loading\u2026<\/iframe><\/div>\n<\/form>\n<\/div>\n","protected":false},"excerpt":{"rendered":"<p>Wenn Sie Fragen oder Anmerkungen haben, z\u00f6gern Sie bitte nicht, mich \u00fcber einen der unten angegebenen Kommunikationskan\u00e4le zu kontaktieren. Ich w\u00fcrde gerne eine Katze haben! Kontaktformular : Wie unten gezeigt: Bitte aktivieren Sie JavaScript in Ihrem Browser, um dieses Formular auszuf\u00fcllen. Bitte aktivieren Sie JavaScript in Ihrem Browser, um dieses Formular auszuf\u00fcllen. Loading\u2026<\/p>\n","protected":false},"author":1,"featured_media":0,"parent":0,"menu_order":0,"comment_status":"closed","ping_status":"closed","template":"","meta":{"site-sidebar-layout":"default","site-content-layout":"","ast-site-content-layout":"default","site-content-style":"default","site-sidebar-style":"default","ast-global-header-display":"","ast-banner-title-visibility":"","ast-main-header-display":"","ast-hfb-above-header-display":"","ast-hfb-below-header-display":"","ast-hfb-mobile-header-display":"","site-post-title":"","ast-breadcrumbs-content":"","ast-featured-img":"","footer-sml-layout":"","theme-transparent-header-meta":"default","adv-header-id-meta":"","stick-header-meta":"","header-above-stick-meta":"","header-main-stick-meta":"","header-below-stick-meta":"","astra-migrate-meta-layouts":"set","footnotes":""},"yoast_head":"<!-- This site is optimized with the Yoast SEO plugin v21.3 - https:\/\/yoast.com\/wordpress\/plugins\/seo\/ -->\n<title>Kontakt - Physigeek<\/title>\n<meta name=\"description\" content=\"Wenn Sie Fragen oder Anmerkungen haben, z\u00f6gern Sie bitte nicht, mich \u00fcber einen der unten angegebenen Kommunikationskan\u00e4le zu kontaktieren.\" \/>\n<meta name=\"robots\" content=\"index, follow, max-snippet:-1, max-image-preview:large, max-video-preview:-1\" \/>\n<link rel=\"canonical\" href=\"https:\/\/physigeek.com\/de\/kontakt\/\" \/>\n<meta property=\"og:locale\" content=\"de_DE\" \/>\n<meta property=\"og:type\" content=\"article\" \/>\n<meta property=\"og:title\" content=\"Kontakt - Physigeek\" \/>\n<meta property=\"og:description\" content=\"Wenn Sie Fragen oder Anmerkungen haben, z\u00f6gern Sie bitte nicht, mich \u00fcber einen der unten angegebenen Kommunikationskan\u00e4le zu kontaktieren.\" \/>\n<meta property=\"og:url\" content=\"https:\/\/physigeek.com\/de\/kontakt\/\" \/>\n<meta property=\"article:modified_time\" content=\"2023-10-17T06:55:55+00:00\" \/>\n<meta name=\"twitter:card\" content=\"summary_large_image\" \/>\n<meta name=\"twitter:label1\" content=\"Est. reading time\" \/>\n\t<meta name=\"twitter:data1\" content=\"1 Minute\" \/>\n<script type=\"application\/ld+json\" class=\"yoast-schema-graph\">{\"@context\":\"https:\/\/schema.org\",\"@graph\":[{\"@type\":\"WebPage\",\"@id\":\"https:\/\/physigeek.com\/de\/kontakt\/\",\"url\":\"https:\/\/physigeek.com\/de\/kontakt\/\",\"name\":\"Kontakt - Physigeek\",\"isPartOf\":{\"@id\":\"https:\/\/physigeek.com\/de\/#website\"},\"datePublished\":\"2023-10-16T05:42:14+00:00\",\"dateModified\":\"2023-10-17T06:55:55+00:00\",\"description\":\"Wenn Sie Fragen oder Anmerkungen haben, z\u00f6gern Sie bitte nicht, mich \u00fcber einen der unten angegebenen Kommunikationskan\u00e4le zu kontaktieren.\",\"breadcrumb\":{\"@id\":\"https:\/\/physigeek.com\/de\/kontakt\/#breadcrumb\"},\"inLanguage\":\"de-DE\",\"potentialAction\":[{\"@type\":\"ReadAction\",\"target\":[\"https:\/\/physigeek.com\/de\/kontakt\/\"]}]},{\"@type\":\"BreadcrumbList\",\"@id\":\"https:\/\/physigeek.com\/de\/kontakt\/#breadcrumb\",\"itemListElement\":[{\"@type\":\"ListItem\",\"position\":1,\"name\":\"Home\",\"item\":\"https:\/\/physigeek.com\/de\/\"},{\"@type\":\"ListItem\",\"position\":2,\"name\":\"Kontakt\"}]},{\"@type\":\"WebSite\",\"@id\":\"https:\/\/physigeek.com\/de\/#website\",\"url\":\"https:\/\/physigeek.com\/de\/\",\"name\":\"Physigeek\",\"description\":\"Lernen Sie Physik auf die einfache Art!\",\"publisher\":{\"@id\":\"https:\/\/physigeek.com\/de\/#organization\"},\"potentialAction\":[{\"@type\":\"SearchAction\",\"target\":{\"@type\":\"EntryPoint\",\"urlTemplate\":\"https:\/\/physigeek.com\/de\/?s={search_term_string}\"},\"query-input\":\"required name=search_term_string\"}],\"inLanguage\":\"de-DE\"},{\"@type\":\"Organization\",\"@id\":\"https:\/\/physigeek.com\/de\/#organization\",\"name\":\"Physigeek\",\"url\":\"https:\/\/physigeek.com\/de\/\",\"logo\":{\"@type\":\"ImageObject\",\"inLanguage\":\"de-DE\",\"@id\":\"https:\/\/physigeek.com\/de\/#\/schema\/logo\/image\/\",\"url\":\"https:\/\/physigeek.com\/de\/wp-content\/uploads\/2023\/10\/physigeek-logo.png\",\"contentUrl\":\"https:\/\/physigeek.com\/de\/wp-content\/uploads\/2023\/10\/physigeek-logo.png\",\"width\":180,\"height\":42,\"caption\":\"Physigeek\"},\"image\":{\"@id\":\"https:\/\/physigeek.com\/de\/#\/schema\/logo\/image\/\"}}]}<\/script>\n<!-- \/ Yoast SEO plugin. -->","yoast_head_json":{"title":"Kontakt - Physigeek","description":"Wenn Sie Fragen oder Anmerkungen haben, z\u00f6gern Sie bitte nicht, mich \u00fcber einen der unten angegebenen Kommunikationskan\u00e4le zu kontaktieren.","robots":{"index":"index","follow":"follow","max-snippet":"max-snippet:-1","max-image-preview":"max-image-preview:large","max-video-preview":"max-video-preview:-1"},"canonical":"https:\/\/physigeek.com\/de\/kontakt\/","og_locale":"de_DE","og_type":"article","og_title":"Kontakt - Physigeek","og_description":"Wenn Sie Fragen oder Anmerkungen haben, z\u00f6gern Sie bitte nicht, mich \u00fcber einen der unten angegebenen Kommunikationskan\u00e4le zu kontaktieren.","og_url":"https:\/\/physigeek.com\/de\/kontakt\/","article_modified_time":"2023-10-17T06:55:55+00:00","twitter_card":"summary_large_image","twitter_misc":{"Est. reading time":"1 Minute"},"schema":{"@context":"https:\/\/schema.org","@graph":[{"@type":"WebPage","@id":"https:\/\/physigeek.com\/de\/kontakt\/","url":"https:\/\/physigeek.com\/de\/kontakt\/","name":"Kontakt - Physigeek","isPartOf":{"@id":"https:\/\/physigeek.com\/de\/#website"},"datePublished":"2023-10-16T05:42:14+00:00","dateModified":"2023-10-17T06:55:55+00:00","description":"Wenn Sie Fragen oder Anmerkungen haben, z\u00f6gern Sie bitte nicht, mich \u00fcber einen der unten angegebenen Kommunikationskan\u00e4le zu kontaktieren.","breadcrumb":{"@id":"https:\/\/physigeek.com\/de\/kontakt\/#breadcrumb"},"inLanguage":"de-DE","potentialAction":[{"@type":"ReadAction","target":["https:\/\/physigeek.com\/de\/kontakt\/"]}]},{"@type":"BreadcrumbList","@id":"https:\/\/physigeek.com\/de\/kontakt\/#breadcrumb","itemListElement":[{"@type":"ListItem","position":1,"name":"Home","item":"https:\/\/physigeek.com\/de\/"},{"@type":"ListItem","position":2,"name":"Kontakt"}]},{"@type":"WebSite","@id":"https:\/\/physigeek.com\/de\/#website","url":"https:\/\/physigeek.com\/de\/","name":"Physigeek","description":"Lernen Sie Physik auf die einfache Art!","publisher":{"@id":"https:\/\/physigeek.com\/de\/#organization"},"potentialAction":[{"@type":"SearchAction","target":{"@type":"EntryPoint","urlTemplate":"https:\/\/physigeek.com\/de\/?s={search_term_string}"},"query-input":"required name=search_term_string"}],"inLanguage":"de-DE"},{"@type":"Organization","@id":"https:\/\/physigeek.com\/de\/#organization","name":"Physigeek","url":"https:\/\/physigeek.com\/de\/","logo":{"@type":"ImageObject","inLanguage":"de-DE","@id":"https:\/\/physigeek.com\/de\/#\/schema\/logo\/image\/","url":"https:\/\/physigeek.com\/de\/wp-content\/uploads\/2023\/10\/physigeek-logo.png","contentUrl":"https:\/\/physigeek.com\/de\/wp-content\/uploads\/2023\/10\/physigeek-logo.png","width":180,"height":42,"caption":"Physigeek"},"image":{"@id":"https:\/\/physigeek.com\/de\/#\/schema\/logo\/image\/"}}]}},"yoast_meta":{"yoast_wpseo_title":"","yoast_wpseo_metadesc":"","yoast_wpseo_canonical":""},"_links":{"self":[{"href":"https:\/\/physigeek.com\/de\/wp-json\/wp\/v2\/pages\/488"}],"collection":[{"href":"https:\/\/physigeek.com\/de\/wp-json\/wp\/v2\/pages"}],"about":[{"href":"https:\/\/physigeek.com\/de\/wp-json\/wp\/v2\/types\/page"}],"author":[{"embeddable":true,"href":"https:\/\/physigeek.com\/de\/wp-json\/wp\/v2\/users\/1"}],"replies":[{"embeddable":true,"href":"https:\/\/physigeek.com\/de\/wp-json\/wp\/v2\/comments?post=488"}],"version-history":[{"count":2,"href":"https:\/\/physigeek.com\/de\/wp-json\/wp\/v2\/pages\/488\/revisions"}],"predecessor-version":[{"id":494,"href":"https:\/\/physigeek.com\/de\/wp-json\/wp\/v2\/pages\/488\/revisions\/494"}],"wp:attachment":[{"href":"https:\/\/physigeek.com\/de\/wp-json\/wp\/v2\/media?parent=488"}],"curies":[{"name":"wp","href":"https:\/\/api.w.org\/{rel}","templated":true}]}}