{"id":487,"date":"2023-09-02T06:11:27","date_gmt":"2023-09-02T06:11:27","guid":{"rendered":"https:\/\/physigeek.com\/de\/datenschutzrichtlinie\/"},"modified":"2023-10-17T06:27:33","modified_gmt":"2023-10-17T06:27:33","slug":"datenschutzrichtlinie","status":"publish","type":"page","link":"https:\/\/physigeek.com\/de\/datenschutzrichtlinie\/","title":{"rendered":"Datenschutzrichtlinie"},"content":{"rendered":"<p>Diese Datenschutzrichtlinie beschreibt unsere Richtlinien und Verfahren bez\u00fcglich der Erfassung, Nutzung und Offenlegung Ihrer Daten, wenn Sie die Website besuchen. Durch die Nutzung des Dienstes stimmen Sie der Erfassung und Nutzung von Informationen gem\u00e4\u00df dieser Datenschutzrichtlinie zu.<\/p>\n<h2>Arten der gesammelten Daten<\/h2>\n<h3>pers\u00f6nliche Daten<\/h3>\n<p>W\u00e4hrend der Nutzung unseres Dienstes bitten wir Sie m\u00f6glicherweise um die Angabe bestimmter pers\u00f6nlich identifizierbarer Informationen, die zur Kontaktaufnahme oder Identifizierung mit Ihnen verwendet werden k\u00f6nnen. Pers\u00f6nlich identifizierbare Informationen k\u00f6nnen unter anderem Folgendes umfassen:<\/p>\n<ul>\n<li>E-Mail-Adresse<\/li>\n<li>Vor-und Nachname<\/li>\n<li>Datenverbrauch<\/li>\n<\/ul>\n<h3>Datenverbrauch<\/h3>\n<p>Zu den Nutzungsdaten k\u00f6nnen Informationen wie die Internetprotokolladresse Ihres Ger\u00e4ts (z. B. IP-Adresse), der Browsertyp, die Browserversion, die von Ihnen besuchten Seiten unseres Dienstes, die Uhrzeit und das Datum Ihres Besuchs, die auf diesen Seiten verbrachte Zeit und das eindeutige Ger\u00e4t geh\u00f6ren. Identifikatoren und andere Diagnosedaten.<\/p>\n<p>Wenn Sie \u00fcber oder \u00fcber ein mobiles Ger\u00e4t auf den Dienst zugreifen, erfassen wir m\u00f6glicherweise automatisch bestimmte Informationen, einschlie\u00dflich, aber nicht beschr\u00e4nkt auf, den Typ des von Ihnen verwendeten mobilen Ger\u00e4ts, die eindeutige Kennung Ihres mobilen Ger\u00e4ts, den mobilen Betrieb Ihres Systems und den Typ des mobilen Internets. Browser, den Sie verwenden, eindeutige Ger\u00e4tekennungen und andere Diagnosedaten.<\/p>\n<p>Wir erfassen m\u00f6glicherweise auch Informationen, die Ihr Browser sendet, wenn Sie unseren Dienst besuchen oder wenn Sie \u00fcber ein mobiles Ger\u00e4t auf den Dienst zugreifen.<\/p>\n<h3>Tracking-Technologien und Cookies<\/h3>\n<p>Wir verwenden Cookies und \u00e4hnliche Tracking-Technologien, um Aktivit\u00e4ten auf unserem Service zu verfolgen und bestimmte Informationen zu speichern. Bei den verwendeten Tracking-Technologien handelt es sich um Tags, Tags und Skripte zum Sammeln und Verfolgen von Informationen sowie zur Verbesserung und Analyse unseres Dienstes. Zu den von uns verwendeten Technologien k\u00f6nnen geh\u00f6ren:<\/p>\n<ol>\n<li><strong>Browser-Cookies<\/strong> . Ein Cookie ist eine kleine Datei, die auf Ihrem Ger\u00e4t abgelegt wird. Sie k\u00f6nnen Ihren Browser anweisen, alle Cookies abzulehnen oder anzuzeigen, wann ein Cookie gesendet wird. Wenn Sie jedoch keine Cookies akzeptieren, k\u00f6nnen Sie m\u00f6glicherweise bestimmte Teile unseres Dienstes nicht nutzen.<\/li>\n<li><strong>Web-Beacons<\/strong> . Bestimmte Bereiche unseres Dienstes und unserer E-Mails k\u00f6nnen kleine elektronische Dateien, sogenannte Web Beacons (auch bekannt als Clear GIFs, Pixel Tags und Single-Pixel GIFs), enthalten, die es dem Unternehmen beispielsweise erm\u00f6glichen, Benutzer zu z\u00e4hlen, die diese Bereiche besucht haben. Seiten. oder das \u00d6ffnen einer E-Mail und f\u00fcr andere damit verbundene Statistiken auf der Website (zum Beispiel die Aufzeichnung der Beliebtheit eines bestimmten Abschnitts und die \u00dcberpr\u00fcfung der System- und Serverintegrit\u00e4t).<\/li>\n<\/ol>\n<p>Cookies k\u00f6nnen \u201epersistente\u201c oder \u201eSitzungs\u201c-Cookies sein. Permanente Cookies verbleiben auf Ihrem pers\u00f6nlichen Computer oder Mobilger\u00e4t, wenn Sie sich abmelden, w\u00e4hrend Sitzungscookies gel\u00f6scht werden, sobald Sie Ihren Webbrowser schlie\u00dfen.<\/p>\n<h2>Verwendung Ihrer personenbezogenen Daten<\/h2>\n<p>Das Unternehmen kann personenbezogene Daten f\u00fcr folgende Zwecke verwenden:<\/p>\n<p><strong>1. Zur Bereitstellung und Wartung unseres Dienstes<\/strong> , einschlie\u00dflich der \u00dcberwachung der Nutzung unseres Dienstes.<br \/>\n<strong>2. Um Sie zu kontaktieren<\/strong> : um Sie per E-Mail oder \u00fcber andere gleichwertige Formen der elektronischen Kommunikation zu kontaktieren, z. B. Push-Benachrichtigungen von einer mobilen Anwendung \u00fcber Aktualisierungen oder Informationsmitteilungen im Zusammenhang mit vertraglich vereinbarten Funktionen, Produkten oder Dienstleistungen, einschlie\u00dflich Sicherheitsaktualisierungen, sofern dies erforderlich oder angemessen ist f\u00fcr deren Umsetzung.<br \/>\n<strong>3. Um Ihnen Neuigkeiten, Sonderangebote und allgemeine Informationen zu anderen von uns angebotenen Waren, Dienstleistungen und Veranstaltungen zukommen zu lassen,<\/strong> die denen \u00e4hneln, die Sie bereits gekauft oder angefragt haben, es sei denn, Sie haben sich gegen den Erhalt solcher Informationen entschieden.<br \/>\n<strong>4. Um Ihre Anfragen zu verwalten<\/strong> : Um auf Ihre Anfragen an uns zu antworten und diese zu verwalten.<br \/>\nF\u00fcr Unternehmens\u00fcbertragungen: Wir k\u00f6nnen Ihre Daten verwenden, um eine Fusion, Ver\u00e4u\u00dferung, Umstrukturierung, Umstrukturierung, Aufl\u00f6sung oder einen anderen Verkauf oder eine andere Ver\u00e4u\u00dferung oder \u00dcbertragung aller oder eines Teils unserer Verm\u00f6genswerte zu bewerten oder durchzuf\u00fchren, sei es im Rahmen der Unternehmensfortf\u00fchrung oder im Zusammenhang mit einer Insolvenz , Liquidation oder \u00e4hnliches Verfahren, bei dem personenbezogene Daten, die wir \u00fcber Nutzer unserer Dienste speichern, zu den \u00fcbertragenen Verm\u00f6genswerten geh\u00f6ren.<br \/>\n<strong>5.<\/strong> <strong>F\u00fcr andere Zwecke<\/strong> : Wir k\u00f6nnen Ihre Daten f\u00fcr andere Zwecke verwenden, z. B. zur Datenanalyse, zur Identifizierung von Nutzungstrends, zur Bestimmung der Wirksamkeit unserer Werbekampagnen sowie zur Bewertung und Verbesserung unseres Service, unserer Produkte, Dienstleistungen, unseres Marketings und Ihrer Erfahrung.<\/p>\n<p><strong>Wir k\u00f6nnen Ihre pers\u00f6nlichen Daten in den folgenden Situationen weitergeben:<\/strong><\/p>\n<p><strong>Mit Dienstanbietern<\/strong> : Wir k\u00f6nnen Ihre personenbezogenen Daten an Dienstanbieter weitergeben, um die Nutzung unseres Dienstes zu \u00fcberwachen und zu analysieren und um Sie zu kontaktieren.<\/p>\n<p><strong>F\u00fcr Gesch\u00e4fts\u00fcbertragungen<\/strong> : Wir k\u00f6nnen Ihre personenbezogenen Daten im Zusammenhang mit oder w\u00e4hrend Verhandlungen \u00fcber eine Fusion, einen Verkauf von Unternehmensverm\u00f6genswerten, eine Finanzierung oder den Erwerb unseres gesamten Unternehmens oder eines Teils davon an ein anderes Unternehmen weitergeben oder \u00fcbertragen.<\/p>\n<p><strong>Mit verbundenen Unternehmen<\/strong> : Wir k\u00f6nnen Ihre Daten an unsere verbundenen Unternehmen weitergeben. In diesem Fall verlangen wir von diesen, dass sie diese Datenschutzrichtlinie respektieren. Zu den verbundenen Unternehmen z\u00e4hlen unsere Muttergesellschaft und alle anderen Tochtergesellschaften, Joint-Venture-Partner oder andere Unternehmen, die wir kontrollieren oder die unter gemeinsamer Kontrolle mit uns stehen.<\/p>\n<p><strong>Mit Gesch\u00e4ftspartnern<\/strong> : Wir geben Ihre Daten m\u00f6glicherweise an unsere Gesch\u00e4ftspartner weiter, um Ihnen bestimmte Produkte, Dienstleistungen oder Werbeaktionen anzubieten.<\/p>\n<h2>Aufbewahrung Ihrer pers\u00f6nlichen Daten<\/h2>\n<p>Das Unternehmen speichert Ihre personenbezogenen Daten nur so lange, wie es f\u00fcr die in dieser Datenschutzrichtlinie dargelegten Zwecke erforderlich ist. Wir werden Ihre personenbezogenen Daten in dem Umfang aufbewahren und verwenden, der zur Erf\u00fcllung unserer gesetzlichen Verpflichtungen erforderlich ist (z. B. wenn wir Ihre Daten zur Einhaltung geltender Gesetze aufbewahren m\u00fcssen), zur Beilegung von Streitigkeiten und zur Durchsetzung unserer rechtlichen Vereinbarungen und Richtlinien.<\/p>\n<p>Das Unternehmen speichert au\u00dferdem Nutzungsdaten f\u00fcr interne Analysezwecke. Nutzungsdaten werden im Allgemeinen f\u00fcr einen k\u00fcrzeren Zeitraum gespeichert, es sei denn, diese Daten werden zur Erh\u00f6hung der Sicherheit oder zur Verbesserung der Funktionalit\u00e4t unseres Dienstes verwendet oder wir sind gesetzlich verpflichtet, diese Daten f\u00fcr l\u00e4ngere Zeitr\u00e4ume aufzubewahren.<\/p>\n<p>Ihre Zustimmung zu dieser Datenschutzrichtlinie und die anschlie\u00dfende \u00dcbermittlung dieser Informationen stellen Ihr Einverst\u00e4ndnis mit dieser \u00dcbertragung dar.<\/p>\n<p>Das Unternehmen wird alle vern\u00fcnftigerweise notwendigen Schritte unternehmen, um sicherzustellen, dass Ihre Daten sicher und in \u00dcbereinstimmung mit dieser Datenschutzrichtlinie behandelt werden und dass keine \u00dcbermittlung Ihrer personenbezogenen Daten an eine Organisation oder ein Land erfolgt, sofern keine angemessenen Kontrollen vorhanden sind. vorhanden sind, einschlie\u00dflich der Sicherheit Ihrer Daten und anderer pers\u00f6nlicher Informationen.<\/p>\n<h2>Offenlegung Ihrer personenbezogenen Daten<\/h2>\n<h3>Gesch\u00e4ftsverkehr<\/h3>\n<p>Wenn das Unternehmen an einer Fusion, einem Erwerb oder einem Verkauf von Verm\u00f6genswerten beteiligt ist, k\u00f6nnen Ihre personenbezogenen Daten \u00fcbermittelt werden. Wir werden Sie benachrichtigen, bevor Ihre personenbezogenen Daten \u00fcbertragen werden und einer anderen Datenschutzrichtlinie unterliegen.<\/p>\n<h3>Strafverfolgung<\/h3>\n<p>Unter bestimmten Umst\u00e4nden ist das Unternehmen m\u00f6glicherweise verpflichtet, Ihre personenbezogenen Daten offenzulegen, wenn dies gesetzlich vorgeschrieben ist oder wenn eine berechtigte Anfrage von Beh\u00f6rden (z. B. einem Gericht oder einer Regierungsbeh\u00f6rde) vorliegt.<\/p>\n<h3>Sonstige gesetzliche Anforderungen<\/h3>\n<p>Das Unternehmen kann Ihre personenbezogenen Daten offenlegen, wenn es nach Treu und Glauben davon ausgeht, dass eine solche Ma\u00dfnahme erforderlich ist, um:<\/p>\n<ul>\n<li>Einer gesetzlichen Verpflichtung nachkommen<\/li>\n<li>Sch\u00fctzen und verteidigen Sie die Rechte oder das Eigentum des Unternehmens<\/li>\n<li>Verhindern oder untersuchen Sie m\u00f6gliches Fehlverhalten im Zusammenhang mit dem Dienst<\/li>\n<li>Sch\u00fctzen Sie die pers\u00f6nliche Sicherheit der Benutzer des Dienstes oder der \u00d6ffentlichkeit<\/li>\n<li>Sch\u00fctzen Sie sich vor rechtlicher Haftung<\/li>\n<\/ul>\n<h2>Sicherheit Ihrer pers\u00f6nlichen Daten<\/h2>\n<p>Die Sicherheit Ihrer pers\u00f6nlichen Daten ist uns wichtig, aber denken Sie daran, dass keine Methode der \u00dcbertragung \u00fcber das Internet oder Methode der elektronischen Speicherung 100 % sicher ist. Obwohl wir uns bem\u00fchen, Ihre pers\u00f6nlichen Daten mit kommerziell akzeptablen Mitteln zu sch\u00fctzen, k\u00f6nnen wir deren absolute Sicherheit nicht garantieren.<\/p>\n<h3>Privatsph\u00e4re der Kinder<\/h3>\n<p>Unser Service richtet sich nicht an Personen unter 13 Jahren. Wir erfassen wissentlich keine personenbezogenen Daten von Personen unter 13 Jahren. Wenn Sie ein Elternteil oder Erziehungsberechtigter sind und wissen, dass Ihr Kind uns personenbezogene Daten zur Verf\u00fcgung gestellt hat , bitte kontaktieren Sie uns.<\/p>\n<p>Wenn wir erfahren, dass wir ohne \u00dcberpr\u00fcfung der Zustimmung der Eltern personenbezogene Daten von Personen unter 13 Jahren erfasst haben, ergreifen wir Ma\u00dfnahmen, um diese Daten von unseren Servern zu l\u00f6schen.<\/p>\n<p>Wenn wir uns auf die Einwilligung als Rechtsgrundlage f\u00fcr die Verarbeitung Ihrer Daten verlassen m\u00fcssen und Ihr Land die Einwilligung der Eltern erfordert, ben\u00f6tigen wir m\u00f6glicherweise die Einwilligung Ihrer Eltern, bevor wir diese Daten erfassen und verwenden.<\/p>\n<h2>Links zu anderen Websites<\/h2>\n<p>Unser Service kann Links zu anderen Websites enthalten, die nicht von uns betrieben werden. Wenn Sie auf einen Link eines Drittanbieters klicken, werden Sie zur Website dieses Drittanbieters weitergeleitet. Wir empfehlen Ihnen dringend, die Datenschutzrichtlinien jeder von Ihnen besuchten Website zu lesen.<\/p>\n<p>Wir haben keine Kontrolle \u00fcber die Inhalte, Datenschutzrichtlinien oder Praktiken von Websites oder Diensten Dritter und \u00fcbernehmen keine Verantwortung daf\u00fcr.<\/p>\n<p><strong>\u00c4nderungen dieser Datenschutzrichtlinie<\/strong><\/p>\n<p>Wir k\u00f6nnen unsere Datenschutzrichtlinie von Zeit zu Zeit aktualisieren. Wir werden Sie \u00fcber alle \u00c4nderungen informieren, indem wir die neue Datenschutzrichtlinie auf dieser Seite ver\u00f6ffentlichen.<\/p>\n<h2>Kontaktiere uns<\/h2>\n<p>Wenn Sie Fragen zu dieser Datenschutzerkl\u00e4rung haben, k\u00f6nnen Sie uns kontaktieren:<\/p>\n<ul>\n<li>Durch den Besuch dieser Seite unserer Website: <a href=\"https:\/\/physigeek.com\/de\/kontakt\/\">https:\/\/physigeek.com\/contact\/<\/a><\/li>\n<\/ul>\n","protected":false},"excerpt":{"rendered":"<p>Diese Datenschutzrichtlinie beschreibt unsere Richtlinien und Verfahren bez\u00fcglich der Erfassung, Nutzung und Offenlegung Ihrer Daten, wenn Sie die Website besuchen. Durch die Nutzung des Dienstes stimmen Sie der Erfassung und Nutzung von Informationen gem\u00e4\u00df dieser Datenschutzrichtlinie zu. Arten der gesammelten Daten pers\u00f6nliche Daten W\u00e4hrend der Nutzung unseres Dienstes bitten wir Sie m\u00f6glicherweise um die Angabe &hellip;<\/p>\n<p class=\"read-more\"> <a class=\"\" href=\"https:\/\/physigeek.com\/de\/datenschutzrichtlinie\/\"> <span class=\"screen-reader-text\">Datenschutzrichtlinie<\/span> Mehr lesen &quot;<\/a><\/p>\n","protected":false},"author":1,"featured_media":0,"parent":0,"menu_order":0,"comment_status":"closed","ping_status":"closed","template":"","meta":{"site-sidebar-layout":"default","site-content-layout":"","ast-site-content-layout":"default","site-content-style":"default","site-sidebar-style":"default","ast-global-header-display":"","ast-banner-title-visibility":"","ast-main-header-display":"","ast-hfb-above-header-display":"","ast-hfb-below-header-display":"","ast-hfb-mobile-header-display":"","site-post-title":"","ast-breadcrumbs-content":"","ast-featured-img":"","footer-sml-layout":"","theme-transparent-header-meta":"default","adv-header-id-meta":"","stick-header-meta":"","header-above-stick-meta":"","header-main-stick-meta":"","header-below-stick-meta":"","astra-migrate-meta-layouts":"set","footnotes":""},"yoast_head":"<!-- This site is optimized with the Yoast SEO plugin v21.3 - https:\/\/yoast.com\/wordpress\/plugins\/seo\/ -->\n<title>Datenschutzrichtlinie \u2013 Physigeek<\/title>\n<meta name=\"description\" content=\"Diese Datenschutzrichtlinie beschreibt unsere Richtlinien und Verfahren bez\u00fcglich der Erfassung, Nutzung und Offenlegung Ihrer Daten\" \/>\n<meta name=\"robots\" content=\"noindex, nofollow\" \/>\n<meta property=\"og:locale\" content=\"de_DE\" \/>\n<meta property=\"og:type\" content=\"article\" \/>\n<meta property=\"og:title\" content=\"Datenschutzrichtlinie \u2013 Physigeek\" \/>\n<meta property=\"og:description\" content=\"Diese Datenschutzrichtlinie beschreibt unsere Richtlinien und Verfahren bez\u00fcglich der Erfassung, Nutzung und Offenlegung Ihrer Daten\" \/>\n<meta property=\"og:url\" content=\"https:\/\/physigeek.com\/de\/datenschutzrichtlinie\/\" \/>\n<meta property=\"article:modified_time\" content=\"2023-10-17T06:27:33+00:00\" \/>\n<meta name=\"twitter:card\" content=\"summary_large_image\" \/>\n<meta name=\"twitter:label1\" content=\"Est. reading time\" \/>\n\t<meta name=\"twitter:data1\" content=\"7 Minuten\" \/>\n<script type=\"application\/ld+json\" class=\"yoast-schema-graph\">{\"@context\":\"https:\/\/schema.org\",\"@graph\":[{\"@type\":\"WebPage\",\"@id\":\"https:\/\/physigeek.com\/de\/datenschutzrichtlinie\/\",\"url\":\"https:\/\/physigeek.com\/de\/datenschutzrichtlinie\/\",\"name\":\"Datenschutzrichtlinie \u2013 Physigeek\",\"isPartOf\":{\"@id\":\"https:\/\/physigeek.com\/de\/#website\"},\"datePublished\":\"2023-09-02T06:11:27+00:00\",\"dateModified\":\"2023-10-17T06:27:33+00:00\",\"description\":\"Diese Datenschutzrichtlinie beschreibt unsere Richtlinien und Verfahren bez\u00fcglich der Erfassung, Nutzung und Offenlegung Ihrer Daten\",\"breadcrumb\":{\"@id\":\"https:\/\/physigeek.com\/de\/datenschutzrichtlinie\/#breadcrumb\"},\"inLanguage\":\"de-DE\",\"potentialAction\":[{\"@type\":\"ReadAction\",\"target\":[\"https:\/\/physigeek.com\/de\/datenschutzrichtlinie\/\"]}]},{\"@type\":\"BreadcrumbList\",\"@id\":\"https:\/\/physigeek.com\/de\/datenschutzrichtlinie\/#breadcrumb\",\"itemListElement\":[{\"@type\":\"ListItem\",\"position\":1,\"name\":\"Home\",\"item\":\"https:\/\/physigeek.com\/de\/\"},{\"@type\":\"ListItem\",\"position\":2,\"name\":\"Datenschutzrichtlinie\"}]},{\"@type\":\"WebSite\",\"@id\":\"https:\/\/physigeek.com\/de\/#website\",\"url\":\"https:\/\/physigeek.com\/de\/\",\"name\":\"Physigeek\",\"description\":\"Lernen Sie Physik auf die einfache Art!\",\"publisher\":{\"@id\":\"https:\/\/physigeek.com\/de\/#organization\"},\"potentialAction\":[{\"@type\":\"SearchAction\",\"target\":{\"@type\":\"EntryPoint\",\"urlTemplate\":\"https:\/\/physigeek.com\/de\/?s={search_term_string}\"},\"query-input\":\"required name=search_term_string\"}],\"inLanguage\":\"de-DE\"},{\"@type\":\"Organization\",\"@id\":\"https:\/\/physigeek.com\/de\/#organization\",\"name\":\"Physigeek\",\"url\":\"https:\/\/physigeek.com\/de\/\",\"logo\":{\"@type\":\"ImageObject\",\"inLanguage\":\"de-DE\",\"@id\":\"https:\/\/physigeek.com\/de\/#\/schema\/logo\/image\/\",\"url\":\"https:\/\/physigeek.com\/de\/wp-content\/uploads\/2023\/10\/physigeek-logo.png\",\"contentUrl\":\"https:\/\/physigeek.com\/de\/wp-content\/uploads\/2023\/10\/physigeek-logo.png\",\"width\":180,\"height\":42,\"caption\":\"Physigeek\"},\"image\":{\"@id\":\"https:\/\/physigeek.com\/de\/#\/schema\/logo\/image\/\"}}]}<\/script>\n<!-- \/ Yoast SEO plugin. -->","yoast_head_json":{"title":"Datenschutzrichtlinie \u2013 Physigeek","description":"Diese Datenschutzrichtlinie beschreibt unsere Richtlinien und Verfahren bez\u00fcglich der Erfassung, Nutzung und Offenlegung Ihrer Daten","robots":{"index":"noindex","follow":"nofollow"},"og_locale":"de_DE","og_type":"article","og_title":"Datenschutzrichtlinie \u2013 Physigeek","og_description":"Diese Datenschutzrichtlinie beschreibt unsere Richtlinien und Verfahren bez\u00fcglich der Erfassung, Nutzung und Offenlegung Ihrer Daten","og_url":"https:\/\/physigeek.com\/de\/datenschutzrichtlinie\/","article_modified_time":"2023-10-17T06:27:33+00:00","twitter_card":"summary_large_image","twitter_misc":{"Est. reading time":"7 Minuten"},"schema":{"@context":"https:\/\/schema.org","@graph":[{"@type":"WebPage","@id":"https:\/\/physigeek.com\/de\/datenschutzrichtlinie\/","url":"https:\/\/physigeek.com\/de\/datenschutzrichtlinie\/","name":"Datenschutzrichtlinie \u2013 Physigeek","isPartOf":{"@id":"https:\/\/physigeek.com\/de\/#website"},"datePublished":"2023-09-02T06:11:27+00:00","dateModified":"2023-10-17T06:27:33+00:00","description":"Diese Datenschutzrichtlinie beschreibt unsere Richtlinien und Verfahren bez\u00fcglich der Erfassung, Nutzung und Offenlegung Ihrer Daten","breadcrumb":{"@id":"https:\/\/physigeek.com\/de\/datenschutzrichtlinie\/#breadcrumb"},"inLanguage":"de-DE","potentialAction":[{"@type":"ReadAction","target":["https:\/\/physigeek.com\/de\/datenschutzrichtlinie\/"]}]},{"@type":"BreadcrumbList","@id":"https:\/\/physigeek.com\/de\/datenschutzrichtlinie\/#breadcrumb","itemListElement":[{"@type":"ListItem","position":1,"name":"Home","item":"https:\/\/physigeek.com\/de\/"},{"@type":"ListItem","position":2,"name":"Datenschutzrichtlinie"}]},{"@type":"WebSite","@id":"https:\/\/physigeek.com\/de\/#website","url":"https:\/\/physigeek.com\/de\/","name":"Physigeek","description":"Lernen Sie Physik auf die einfache Art!","publisher":{"@id":"https:\/\/physigeek.com\/de\/#organization"},"potentialAction":[{"@type":"SearchAction","target":{"@type":"EntryPoint","urlTemplate":"https:\/\/physigeek.com\/de\/?s={search_term_string}"},"query-input":"required name=search_term_string"}],"inLanguage":"de-DE"},{"@type":"Organization","@id":"https:\/\/physigeek.com\/de\/#organization","name":"Physigeek","url":"https:\/\/physigeek.com\/de\/","logo":{"@type":"ImageObject","inLanguage":"de-DE","@id":"https:\/\/physigeek.com\/de\/#\/schema\/logo\/image\/","url":"https:\/\/physigeek.com\/de\/wp-content\/uploads\/2023\/10\/physigeek-logo.png","contentUrl":"https:\/\/physigeek.com\/de\/wp-content\/uploads\/2023\/10\/physigeek-logo.png","width":180,"height":42,"caption":"Physigeek"},"image":{"@id":"https:\/\/physigeek.com\/de\/#\/schema\/logo\/image\/"}}]}},"yoast_meta":{"yoast_wpseo_title":"","yoast_wpseo_metadesc":"","yoast_wpseo_canonical":""},"_links":{"self":[{"href":"https:\/\/physigeek.com\/de\/wp-json\/wp\/v2\/pages\/487"}],"collection":[{"href":"https:\/\/physigeek.com\/de\/wp-json\/wp\/v2\/pages"}],"about":[{"href":"https:\/\/physigeek.com\/de\/wp-json\/wp\/v2\/types\/page"}],"author":[{"embeddable":true,"href":"https:\/\/physigeek.com\/de\/wp-json\/wp\/v2\/users\/1"}],"replies":[{"embeddable":true,"href":"https:\/\/physigeek.com\/de\/wp-json\/wp\/v2\/comments?post=487"}],"version-history":[{"count":1,"href":"https:\/\/physigeek.com\/de\/wp-json\/wp\/v2\/pages\/487\/revisions"}],"predecessor-version":[{"id":492,"href":"https:\/\/physigeek.com\/de\/wp-json\/wp\/v2\/pages\/487\/revisions\/492"}],"wp:attachment":[{"href":"https:\/\/physigeek.com\/de\/wp-json\/wp\/v2\/media?parent=487"}],"curies":[{"name":"wp","href":"https:\/\/api.w.org\/{rel}","templated":true}]}}